{"id":1466,"date":"2023-02-25T10:31:26","date_gmt":"2023-02-25T10:31:26","guid":{"rendered":"https:\/\/silvijamiliunaite.com\/?page_id=1466"},"modified":"2026-04-17T14:03:42","modified_gmt":"2026-04-17T12:03:42","slug":"elementor-1466","status":"publish","type":"page","link":"https:\/\/silvijamiliunaite.com\/en\/","title":{"rendered":"Main"},"content":{"rendered":"<div data-elementor-type=\"wp-page\" data-elementor-id=\"1466\" class=\"elementor elementor-1466\">\n\t\t\t\t<div class=\"elementor-element elementor-element-13379b1 e-flex e-con-boxed e-con e-parent\" data-id=\"13379b1\" data-element_type=\"container\" data-e-type=\"container\" data-settings=\"{&quot;background_background&quot;:&quot;gradient&quot;}\">\n\t\t\t\t\t<div class=\"e-con-inner\">\n\t\t\t\t<div class=\"elementor-element elementor-element-af1f6ef elementor-widget elementor-widget-heading\" data-id=\"af1f6ef\" data-element_type=\"widget\" data-e-type=\"widget\" data-widget_type=\"heading.default\">\n\t\t\t\t<div class=\"elementor-widget-container\">\n\t\t\t\t\t<h1 class=\"elementor-heading-title elementor-size-default\">SILVIJA MILI\u016aNAIT\u0116<\/h1>\t\t\t\t<\/div>\n\t\t\t\t<\/div>\n\t\t\t\t\t<\/div>\n\t\t\t\t<\/div>\n\t\t<div class=\"elementor-element elementor-element-34e5687 e-flex e-con-boxed e-con e-parent\" data-id=\"34e5687\" data-element_type=\"container\" data-e-type=\"container\" data-settings=\"{&quot;background_background&quot;:&quot;gradient&quot;}\">\n\t\t\t\t\t<div class=\"e-con-inner\">\n\t\t<div class=\"elementor-element elementor-element-f25cf5f e-con-full e-flex e-con e-child\" data-id=\"f25cf5f\" data-element_type=\"container\" data-e-type=\"container\">\n\t\t\t\t<div class=\"elementor-element elementor-element-443c7ea elementor-widget elementor-widget-text-editor\" data-id=\"443c7ea\" data-element_type=\"widget\" data-e-type=\"widget\" data-widget_type=\"text-editor.default\">\n\t\t\t\t<div class=\"elementor-widget-container\">\n\t\t\t\t\t\t\t\t\t<article lang=\"lt\"><section><h5>\u0160iuolaikin\u0117s muzikos lietuvi\u0173 kompozitor\u0117, kurianti koncertin\u0119 muzik\u0105, veikalus operos, baleto ir dramos teatrams bei tarpdisciplininius projektus. 2026 m. u\u017e spektakl\u012f \u201ePanama labai gra\u017ei\u201c nominuota \u201eAuksiniam scenos kry\u017eiui\u201c Met\u0173 spektaklio vaikams ir jaunimui kategorijoje. Tarptautin\u0117je spaudoje apib\u016bdinama kaip \u201ekylanti Lietuvos \u017evaig\u017ed\u0117\u201c (erpmusic.com), kompozitor\u0117 savo muzikoje jungia subtil\u0173 mikromelodin\u012f jud\u0117jim\u0105, ry\u0161k\u0173 ritm\u0105 ir emocin\u012f skaidrum\u0105. Minimalistin\u0117 ir neoromantin\u0117 estetika Silvijos darbuose persipina su jos, kaip atlik\u0117jos, patirtimi bei baroko ir klasikin\u0117s muzikos tradicija, o elektronika da\u017enai pasitelkiama kaip ekspresijos priemon\u0117, papildanti akustin\u012f skambes\u012f.<\/h5><\/section><section><h5>Recently, the composer has been actively presenting premieres on major stages both in Lithuania and abroad, collaborating with renowned orchestras and soloists. Her work stands out for its communicative character and its ability to shape a unique, vibrant, and dynamic world of contemporary music.<\/h5><\/section><\/article>\t\t\t\t\t\t\t\t<\/div>\n\t\t\t\t<\/div>\n\t\t\t\t<\/div>\n\t\t<div class=\"elementor-element elementor-element-7ead8b7 e-con-full e-flex e-con e-child\" data-id=\"7ead8b7\" data-element_type=\"container\" data-e-type=\"container\">\n\t\t\t\t<div class=\"elementor-element elementor-element-ddb0848 elementor-widget elementor-widget-image\" data-id=\"ddb0848\" data-element_type=\"widget\" data-e-type=\"widget\" data-widget_type=\"image.default\">\n\t\t\t\t<div class=\"elementor-widget-container\">\n\t\t\t\t\t\t\t\t\t\t\t\t\t\t\t<img decoding=\"async\" data-src=\"https:\/\/silvijamiliunaite.com\/wp-content\/uploads\/elementor\/thumbs\/IMG_4164-rm4zb6s6d4w8h3ulay840nclkrjvt1lmju0s27ffv4.jpg\" title=\"IMG_4164\" alt=\"IMG_4164\" src=\"data:image\/svg+xml;base64,PHN2ZyB3aWR0aD0iMSIgaGVpZ2h0PSIxIiB4bWxucz0iaHR0cDovL3d3dy53My5vcmcvMjAwMC9zdmciPjwvc3ZnPg==\" class=\"lazyload\" style=\"--smush-placeholder-width: 600px; --smush-placeholder-aspect-ratio: 600\/1000;\" \/>\t\t\t\t\t\t\t\t\t\t\t\t\t\t\t<\/div>\n\t\t\t\t<\/div>\n\t\t\t\t<\/div>\n\t\t\t\t\t<\/div>\n\t\t\t\t<\/div>\n\t\t\t\t<\/div>","protected":false},"excerpt":{"rendered":"<p>SILVIJA MILI\u016aNAIT\u0116 \u0160iuolaikin\u0117s muzikos lietuvi\u0173 kompozitor\u0117, kurianti koncertin\u0119 muzik\u0105, veikalus operos, baleto ir dramos teatrams bei tarpdisciplininius projektus. 2026 m. u\u017e spektakl\u012f \u201ePanama labai gra\u017ei\u201c nominuota \u201eAuksiniam scenos kry\u017eiui\u201c Met\u0173 spektaklio vaikams ir jaunimui kategorijoje. Tarptautin\u0117je spaudoje apib\u016bdinama kaip \u201ekylanti Lietuvos \u017evaig\u017ed\u0117\u201c (erpmusic.com), kompozitor\u0117 savo muzikoje jungia subtil\u0173 mikromelodin\u012f jud\u0117jim\u0105, ry\u0161k\u0173 ritm\u0105 ir emocin\u012f skaidrum\u0105. [&hellip;]<\/p>\n","protected":false},"author":1,"featured_media":0,"parent":0,"menu_order":0,"comment_status":"closed","ping_status":"closed","template":"","meta":{"footnotes":""},"class_list":["post-1466","page","type-page","status-publish","hentry"],"blocksy_meta":[],"_links":{"self":[{"href":"https:\/\/silvijamiliunaite.com\/en\/wp-json\/wp\/v2\/pages\/1466","targetHints":{"allow":["GET"]}}],"collection":[{"href":"https:\/\/silvijamiliunaite.com\/en\/wp-json\/wp\/v2\/pages"}],"about":[{"href":"https:\/\/silvijamiliunaite.com\/en\/wp-json\/wp\/v2\/types\/page"}],"author":[{"embeddable":true,"href":"https:\/\/silvijamiliunaite.com\/en\/wp-json\/wp\/v2\/users\/1"}],"replies":[{"embeddable":true,"href":"https:\/\/silvijamiliunaite.com\/en\/wp-json\/wp\/v2\/comments?post=1466"}],"version-history":[{"count":92,"href":"https:\/\/silvijamiliunaite.com\/en\/wp-json\/wp\/v2\/pages\/1466\/revisions"}],"predecessor-version":[{"id":3098,"href":"https:\/\/silvijamiliunaite.com\/en\/wp-json\/wp\/v2\/pages\/1466\/revisions\/3098"}],"wp:attachment":[{"href":"https:\/\/silvijamiliunaite.com\/en\/wp-json\/wp\/v2\/media?parent=1466"}],"curies":[{"name":"wp","href":"https:\/\/api.w.org\/{rel}","templated":true}]}}