{"id":1550,"date":"2023-07-27T19:18:26","date_gmt":"2023-07-27T19:18:26","guid":{"rendered":"https:\/\/silvijamiliunaite.com\/?page_id=1550"},"modified":"2026-04-17T13:16:17","modified_gmt":"2026-04-17T11:16:17","slug":"press","status":"publish","type":"page","link":"https:\/\/silvijamiliunaite.com\/en\/press\/","title":{"rendered":"Press"},"content":{"rendered":"<div data-elementor-type=\"wp-page\" data-elementor-id=\"1550\" class=\"elementor elementor-1550\">\n\t\t\t\t<div class=\"elementor-element elementor-element-68d0e9a e-flex e-con-boxed e-con e-parent\" data-id=\"68d0e9a\" data-element_type=\"container\" data-e-type=\"container\" data-settings=\"{&quot;background_background&quot;:&quot;gradient&quot;}\">\n\t\t\t\t\t<div class=\"e-con-inner\">\n\t\t\t\t<div class=\"elementor-element elementor-element-a475d87 elementor-widget__width-initial elementor-widget elementor-widget-text-editor\" data-id=\"a475d87\" data-element_type=\"widget\" data-e-type=\"widget\" data-widget_type=\"text-editor.default\">\n\t\t\t\t<div class=\"elementor-widget-container\">\n\t\t\t\t\t\t\t\t\t<h5>\u201e&#8230;Spektaklyje skamba labai \u0161viesi muzika \u2013 net kai ji pasakoja apie konfliktus ar i\u0161bandymus, joje visada i\u0161lieka \u0161viesos poj\u016btis. Orkestras repetuoja su d\u017eiaugsmu, nes muzika labai \u012fvairi, nemonotoni\u0161ka, kupina spalv\u0173 ir nuotaik\u0173. Manau, \u017ei\u016brovai tai tikrai pajus\u201c<\/h5>\t\t\t\t\t\t\t\t<\/div>\n\t\t\t\t<\/div>\n\t\t\t\t<div class=\"elementor-element elementor-element-c115f33 elementor-align-right elementor-widget elementor-widget-button\" data-id=\"c115f33\" data-element_type=\"widget\" data-e-type=\"widget\" data-widget_type=\"button.default\">\n\t\t\t\t<div class=\"elementor-widget-container\">\n\t\t\t\t\t\t\t\t\t<div class=\"elementor-button-wrapper\">\n\t\t\t\t\t<a class=\"elementor-button elementor-button-link elementor-size-md\" href=\"https:\/\/menufaktura.lt\/anonsai\/sokio-pasaka-vaikams-panama-labai-grazi\/\">\n\t\t\t\t\t\t<span class=\"elementor-button-content-wrapper\">\n\t\t\t\t\t\t\t\t\t<span class=\"elementor-button-text\">More<\/span>\n\t\t\t\t\t<\/span>\n\t\t\t\t\t<\/a>\n\t\t\t\t<\/div>\n\t\t\t\t\t\t\t\t<\/div>\n\t\t\t\t<\/div>\n\t\t\t\t\t<\/div>\n\t\t\t\t<\/div>\n\t\t<div class=\"elementor-element elementor-element-1cfbfd3 e-flex e-con-boxed e-con e-parent\" data-id=\"1cfbfd3\" data-element_type=\"container\" data-e-type=\"container\" data-settings=\"{&quot;background_background&quot;:&quot;gradient&quot;}\">\n\t\t\t\t\t<div class=\"e-con-inner\">\n\t\t\t\t<div class=\"elementor-element elementor-element-26e49da elementor-widget__width-initial elementor-widget elementor-widget-text-editor\" data-id=\"26e49da\" data-element_type=\"widget\" data-e-type=\"widget\" data-widget_type=\"text-editor.default\">\n\t\t\t\t<div class=\"elementor-widget-container\">\n\t\t\t\t\t\t\t\t\t<h5>&#8222;&#8230;akistata kreivame veidrodyje, dvikova, kurioje \u017evang\u0117jo grandin\u0117s ir ant b\u016bgno byr\u0117jo ilgi neu\u017edegti degtukai. Truput\u012f Fluxus, truput\u012f roko, truput\u012f \u201e\u017died\u0173 valdovo\u201c<\/h5>\t\t\t\t\t\t\t\t<\/div>\n\t\t\t\t<\/div>\n\t\t\t\t<div class=\"elementor-element elementor-element-0cdc47c elementor-align-right elementor-widget elementor-widget-button\" data-id=\"0cdc47c\" data-element_type=\"widget\" data-e-type=\"widget\" data-widget_type=\"button.default\">\n\t\t\t\t<div class=\"elementor-widget-container\">\n\t\t\t\t\t\t\t\t\t<div class=\"elementor-button-wrapper\">\n\t\t\t\t\t<a class=\"elementor-button elementor-button-link elementor-size-md\" href=\"https:\/\/emilijaviso.substack.com\/p\/kaip-pasilinksminti-gaidoje-springsteeno\">\n\t\t\t\t\t\t<span class=\"elementor-button-content-wrapper\">\n\t\t\t\t\t\t\t\t\t<span class=\"elementor-button-text\">More<\/span>\n\t\t\t\t\t<\/span>\n\t\t\t\t\t<\/a>\n\t\t\t\t<\/div>\n\t\t\t\t\t\t\t\t<\/div>\n\t\t\t\t<\/div>\n\t\t\t\t\t<\/div>\n\t\t\t\t<\/div>\n\t\t<div class=\"elementor-element elementor-element-f3bb60f e-flex e-con-boxed e-con e-parent\" data-id=\"f3bb60f\" data-element_type=\"container\" data-e-type=\"container\" data-settings=\"{&quot;background_background&quot;:&quot;gradient&quot;}\">\n\t\t\t\t\t<div class=\"e-con-inner\">\n\t\t\t\t<div class=\"elementor-element elementor-element-acbf08f elementor-widget__width-initial elementor-widget elementor-widget-text-editor\" data-id=\"acbf08f\" data-element_type=\"widget\" data-e-type=\"widget\" data-widget_type=\"text-editor.default\">\n\t\t\t\t<div class=\"elementor-widget-container\">\n\t\t\t\t\t\t\t\t\t<h5>&#8222;&#8230;Vaikams \u0161iame spektaklyje neleid\u017eiama n\u0117 minut\u0117s nuobod\u017eiauti.&#8221;<\/h5>\t\t\t\t\t\t\t\t<\/div>\n\t\t\t\t<\/div>\n\t\t\t\t<div class=\"elementor-element elementor-element-413292c elementor-align-right elementor-widget elementor-widget-button\" data-id=\"413292c\" data-element_type=\"widget\" data-e-type=\"widget\" data-widget_type=\"button.default\">\n\t\t\t\t<div class=\"elementor-widget-container\">\n\t\t\t\t\t\t\t\t\t<div class=\"elementor-button-wrapper\">\n\t\t\t\t\t<a class=\"elementor-button elementor-button-link elementor-size-md\" href=\"https:\/\/durys.diena.lt\/klaipedietiskoji-panama-isties-labai-grazi\/\">\n\t\t\t\t\t\t<span class=\"elementor-button-content-wrapper\">\n\t\t\t\t\t\t\t\t\t<span class=\"elementor-button-text\">More<\/span>\n\t\t\t\t\t<\/span>\n\t\t\t\t\t<\/a>\n\t\t\t\t<\/div>\n\t\t\t\t\t\t\t\t<\/div>\n\t\t\t\t<\/div>\n\t\t\t\t\t<\/div>\n\t\t\t\t<\/div>\n\t\t<div class=\"elementor-element elementor-element-d72b675 e-flex e-con-boxed e-con e-parent\" data-id=\"d72b675\" data-element_type=\"container\" data-e-type=\"container\" data-settings=\"{&quot;background_background&quot;:&quot;gradient&quot;}\">\n\t\t\t\t\t<div class=\"e-con-inner\">\n\t\t\t\t<div class=\"elementor-element elementor-element-31fd2d7 elementor-widget__width-initial elementor-widget elementor-widget-text-editor\" data-id=\"31fd2d7\" data-element_type=\"widget\" data-e-type=\"widget\" data-widget_type=\"text-editor.default\">\n\t\t\t\t<div class=\"elementor-widget-container\">\n\t\t\t\t\t\t\t\t\t<h5>\u201c\u2026we will perform the piece \u201eBaltic Games\u201c, written specially for us by the exceptionally talented Lithuanian composer Silvija Mili\u016bnait\u0117. Her music is full of interesting rhythms, ideas, and fantasies \u2013 it is very relevant for me to play it.\u201d<\/h5>\t\t\t\t\t\t\t\t<\/div>\n\t\t\t\t<\/div>\n\t\t\t\t<div class=\"elementor-element elementor-element-c84c665 elementor-align-right elementor-widget elementor-widget-button\" data-id=\"c84c665\" data-element_type=\"widget\" data-e-type=\"widget\" data-widget_type=\"button.default\">\n\t\t\t\t<div class=\"elementor-widget-container\">\n\t\t\t\t\t\t\t\t\t<div class=\"elementor-button-wrapper\">\n\t\t\t\t\t<a class=\"elementor-button elementor-button-link elementor-size-md\" href=\"https:\/\/www.lrt.lt\/naujienos\/kultura\/12\/2423328\/jubilieju-svenciantis-pavelas-giunteris-gyvenu-muzikai?fbclid=IwY2xjawHrFD5leHRuA2FlbQIxMAABHTZ9wff1OuFjgXjQYP5AIK4FHfF8SVnSVV_yNwitlSN91KsDkNosY5LzPw_aem_rd4TmR6zCRgmAN2tpkpIpg\">\n\t\t\t\t\t\t<span class=\"elementor-button-content-wrapper\">\n\t\t\t\t\t\t\t\t\t<span class=\"elementor-button-text\">More<\/span>\n\t\t\t\t\t<\/span>\n\t\t\t\t\t<\/a>\n\t\t\t\t<\/div>\n\t\t\t\t\t\t\t\t<\/div>\n\t\t\t\t<\/div>\n\t\t\t\t\t<\/div>\n\t\t\t\t<\/div>\n\t\t<div class=\"elementor-element elementor-element-7318712 e-flex e-con-boxed e-con e-parent\" data-id=\"7318712\" data-element_type=\"container\" data-e-type=\"container\" data-settings=\"{&quot;background_background&quot;:&quot;gradient&quot;}\">\n\t\t\t\t\t<div class=\"e-con-inner\">\n\t\t\t\t<div class=\"elementor-element elementor-element-c81254a elementor-widget__width-initial elementor-widget elementor-widget-text-editor\" data-id=\"c81254a\" data-element_type=\"widget\" data-e-type=\"widget\" data-widget_type=\"text-editor.default\">\n\t\t\t\t<div class=\"elementor-widget-container\">\n\t\t\t\t\t\t\t\t\t<h5>\u201c\u2026the works are innovative, they capture the spirit of the time, and are both interesting and masterfully written.\u201d<\/h5>\t\t\t\t\t\t\t\t<\/div>\n\t\t\t\t<\/div>\n\t\t\t\t<div class=\"elementor-element elementor-element-6efe9da elementor-align-right elementor-widget elementor-widget-button\" data-id=\"6efe9da\" data-element_type=\"widget\" data-e-type=\"widget\" data-widget_type=\"button.default\">\n\t\t\t\t<div class=\"elementor-widget-container\">\n\t\t\t\t\t\t\t\t\t<div class=\"elementor-button-wrapper\">\n\t\t\t\t\t<a class=\"elementor-button elementor-button-link elementor-size-md\" href=\"https:\/\/www.lrytas.lt\/kultura\/scena\/2024\/11\/01\/news\/festivalio-gaida-dienorastis-desimtoji-diena-ispanijos-smuiko-zvaigzde-leticia-moreno-ir-lvso-34920219\">\n\t\t\t\t\t\t<span class=\"elementor-button-content-wrapper\">\n\t\t\t\t\t\t\t\t\t<span class=\"elementor-button-text\">More<\/span>\n\t\t\t\t\t<\/span>\n\t\t\t\t\t<\/a>\n\t\t\t\t<\/div>\n\t\t\t\t\t\t\t\t<\/div>\n\t\t\t\t<\/div>\n\t\t\t\t\t<\/div>\n\t\t\t\t<\/div>\n\t\t<div class=\"elementor-element elementor-element-9086b38 e-flex e-con-boxed e-con e-parent\" data-id=\"9086b38\" data-element_type=\"container\" data-e-type=\"container\" data-settings=\"{&quot;background_background&quot;:&quot;gradient&quot;}\">\n\t\t\t\t\t<div class=\"e-con-inner\">\n\t\t\t\t<div class=\"elementor-element elementor-element-383e572 elementor-widget__width-initial elementor-widget elementor-widget-text-editor\" data-id=\"383e572\" data-element_type=\"widget\" data-e-type=\"widget\" data-widget_type=\"text-editor.default\">\n\t\t\t\t<div class=\"elementor-widget-container\">\n\t\t\t\t\t\t\t\t\t<h5>\u201c\u2026rising Lithuanian star composer Silvija Mili\u016bnait\u0117 that are included also in Glasperlenspiel\u2019s programme\u2026\u201d<\/h5>\t\t\t\t\t\t\t\t<\/div>\n\t\t\t\t<\/div>\n\t\t\t\t<div class=\"elementor-element elementor-element-92a5707 elementor-align-right elementor-widget elementor-widget-button\" data-id=\"92a5707\" data-element_type=\"widget\" data-e-type=\"widget\" data-widget_type=\"button.default\">\n\t\t\t\t<div class=\"elementor-widget-container\">\n\t\t\t\t\t\t\t\t\t<div class=\"elementor-button-wrapper\">\n\t\t\t\t\t<a class=\"elementor-button elementor-button-link elementor-size-md\" href=\"https:\/\/tartu2024.ee\/en\/programme-archive\/glasperlenspiel-2024-castillo-interior\/?event=96612&#038;fbclid=IwZXh0bgNhZW0CMTEAAR1XoY1ZNlV6q8xPE5qLWjhZG2_ZcSa9DEtGy6rveIVyvioBrKKWAeOd1yo_aem_JeeJiJy8BSJfqQsxenbOdQ\">\n\t\t\t\t\t\t<span class=\"elementor-button-content-wrapper\">\n\t\t\t\t\t\t\t\t\t<span class=\"elementor-button-text\">More<\/span>\n\t\t\t\t\t<\/span>\n\t\t\t\t\t<\/a>\n\t\t\t\t<\/div>\n\t\t\t\t\t\t\t\t<\/div>\n\t\t\t\t<\/div>\n\t\t\t\t\t<\/div>\n\t\t\t\t<\/div>\n\t\t<div class=\"elementor-element elementor-element-4617437 e-flex e-con-boxed e-con e-parent\" data-id=\"4617437\" data-element_type=\"container\" data-e-type=\"container\" data-settings=\"{&quot;background_background&quot;:&quot;gradient&quot;}\">\n\t\t\t\t\t<div class=\"e-con-inner\">\n\t\t\t\t<div class=\"elementor-element elementor-element-2d2f0f0 elementor-widget__width-initial elementor-widget elementor-widget-text-editor\" data-id=\"2d2f0f0\" data-element_type=\"widget\" data-e-type=\"widget\" data-widget_type=\"text-editor.default\">\n\t\t\t\t<div class=\"elementor-widget-container\">\n\t\t\t\t\t\t\t\t\t<h5>\u201c\u2026I see no point in writing music that only three people listen to,\u201d says composer Silvija Mili\u016bnait\u0117.<\/h5>\t\t\t\t\t\t\t\t<\/div>\n\t\t\t\t<\/div>\n\t\t\t\t<div class=\"elementor-element elementor-element-3ba016a elementor-align-right elementor-widget elementor-widget-button\" data-id=\"3ba016a\" data-element_type=\"widget\" data-e-type=\"widget\" data-widget_type=\"button.default\">\n\t\t\t\t<div class=\"elementor-widget-container\">\n\t\t\t\t\t\t\t\t\t<div class=\"elementor-button-wrapper\">\n\t\t\t\t\t<a class=\"elementor-button elementor-button-link elementor-size-md\" href=\"https:\/\/www.lrt.lt\/mediateka\/irasas\/2000312942\/garso-ekspedicija-silvija-miliunaite-taip-galima-isgyventi-tik-is-kurybos\">\n\t\t\t\t\t\t<span class=\"elementor-button-content-wrapper\">\n\t\t\t\t\t\t\t\t\t<span class=\"elementor-button-text\">More<\/span>\n\t\t\t\t\t<\/span>\n\t\t\t\t\t<\/a>\n\t\t\t\t<\/div>\n\t\t\t\t\t\t\t\t<\/div>\n\t\t\t\t<\/div>\n\t\t\t\t\t<\/div>\n\t\t\t\t<\/div>\n\t\t<div class=\"elementor-element elementor-element-e4f95dd e-flex e-con-boxed e-con e-parent\" data-id=\"e4f95dd\" data-element_type=\"container\" data-e-type=\"container\" data-settings=\"{&quot;background_background&quot;:&quot;gradient&quot;}\">\n\t\t\t\t\t<div class=\"e-con-inner\">\n\t\t\t\t<div class=\"elementor-element elementor-element-cb68623 elementor-widget__width-initial elementor-widget elementor-widget-text-editor\" data-id=\"cb68623\" data-element_type=\"widget\" data-e-type=\"widget\" data-widget_type=\"text-editor.default\">\n\t\t\t\t<div class=\"elementor-widget-container\">\n\t\t\t\t\t\t\t\t\t<h5>\u201c\u2026A composer with an individual, poetic, and intimate creative vision, she is guided by a minimalist, neo-romantic aesthetic; her music stands out for its wide palette of emotions, balancing contrasting dynamics with naturalness\u2026\u201d<\/h5>\t\t\t\t\t\t\t\t<\/div>\n\t\t\t\t<\/div>\n\t\t\t\t<div class=\"elementor-element elementor-element-fc9bb9a elementor-align-right elementor-widget elementor-widget-button\" data-id=\"fc9bb9a\" data-element_type=\"widget\" data-e-type=\"widget\" data-widget_type=\"button.default\">\n\t\t\t\t<div class=\"elementor-widget-container\">\n\t\t\t\t\t\t\t\t\t<div class=\"elementor-button-wrapper\">\n\t\t\t\t\t<a class=\"elementor-button elementor-button-link elementor-size-md\" href=\"https:\/\/welovelithuania.com\/muzikine-fotografiju-paroda-moletuose\/\">\n\t\t\t\t\t\t<span class=\"elementor-button-content-wrapper\">\n\t\t\t\t\t\t\t\t\t<span class=\"elementor-button-text\">More<\/span>\n\t\t\t\t\t<\/span>\n\t\t\t\t\t<\/a>\n\t\t\t\t<\/div>\n\t\t\t\t\t\t\t\t<\/div>\n\t\t\t\t<\/div>\n\t\t\t\t\t<\/div>\n\t\t\t\t<\/div>\n\t\t<div class=\"elementor-element elementor-element-819e8e5 e-flex e-con-boxed e-con e-parent\" data-id=\"819e8e5\" data-element_type=\"container\" data-e-type=\"container\" data-settings=\"{&quot;background_background&quot;:&quot;gradient&quot;}\">\n\t\t\t\t\t<div class=\"e-con-inner\">\n\t\t\t\t<div class=\"elementor-element elementor-element-93681c8 elementor-widget__width-initial elementor-widget elementor-widget-text-editor\" data-id=\"93681c8\" data-element_type=\"widget\" data-e-type=\"widget\" data-widget_type=\"text-editor.default\">\n\t\t\t\t<div class=\"elementor-widget-container\">\n\t\t\t\t\t\t\t\t\t<h5>\u201c\u2026She writes music whose performance I would want to follow with a score, and definitely from the balcony; I would certainly take recordings of her works on a long journey and listen to them while speeding in a car or on a bicycle. And if I worked in the film industry, I would make sure her music featured in a movie\u2014not just at the end or at the climax, but at the very beginning\u2014because of its special vitality and sense of adventure\u2026\u201d<\/h5>\t\t\t\t\t\t\t\t<\/div>\n\t\t\t\t<\/div>\n\t\t\t\t<div class=\"elementor-element elementor-element-d830239 elementor-align-right elementor-widget elementor-widget-button\" data-id=\"d830239\" data-element_type=\"widget\" data-e-type=\"widget\" data-widget_type=\"button.default\">\n\t\t\t\t<div class=\"elementor-widget-container\">\n\t\t\t\t\t\t\t\t\t<div class=\"elementor-button-wrapper\">\n\t\t\t\t\t<a class=\"elementor-button elementor-button-link elementor-size-md\" href=\"https:\/\/www.mic.lt\/lt\/ivykiai\/2022\/07\/21\/silvija-miliunaite-kuryba-man-yra-galimybe-pasakyti-tai-ko-negaliu-pasakyti-zodziais\/\">\n\t\t\t\t\t\t<span class=\"elementor-button-content-wrapper\">\n\t\t\t\t\t\t\t\t\t<span class=\"elementor-button-text\">More<\/span>\n\t\t\t\t\t<\/span>\n\t\t\t\t\t<\/a>\n\t\t\t\t<\/div>\n\t\t\t\t\t\t\t\t<\/div>\n\t\t\t\t<\/div>\n\t\t\t\t\t<\/div>\n\t\t\t\t<\/div>\n\t\t<div class=\"elementor-element elementor-element-520d410 e-flex e-con-boxed e-con e-parent\" data-id=\"520d410\" data-element_type=\"container\" data-e-type=\"container\" data-settings=\"{&quot;background_background&quot;:&quot;gradient&quot;}\">\n\t\t\t\t\t<div class=\"e-con-inner\">\n\t\t\t\t<div class=\"elementor-element elementor-element-c9cb132 elementor-widget elementor-widget-text-editor\" data-id=\"c9cb132\" data-element_type=\"widget\" data-e-type=\"widget\" data-widget_type=\"text-editor.default\">\n\t\t\t\t<div class=\"elementor-widget-container\">\n\t\t\t\t\t\t\t\t\t<h5>\u201c\u2026The music Silvija creates is exceptional to me because of its palette of emotions. Such music inspires one to dance and create\u2026\u201d<\/h5>\t\t\t\t\t\t\t\t<\/div>\n\t\t\t\t<\/div>\n\t\t\t\t<div class=\"elementor-element elementor-element-daf4748 elementor-align-right elementor-widget elementor-widget-button\" data-id=\"daf4748\" data-element_type=\"widget\" data-e-type=\"widget\" data-widget_type=\"button.default\">\n\t\t\t\t<div class=\"elementor-widget-container\">\n\t\t\t\t\t\t\t\t\t<div class=\"elementor-button-wrapper\">\n\t\t\t\t\t<a class=\"elementor-button elementor-button-link elementor-size-md\" href=\"https:\/\/muzikosantena.lt\/2021\/02\/10\/kompozitore-silvija-miliunaite-bliudziuviene-pristato-trilogija-i-am-here-for-you\/\">\n\t\t\t\t\t\t<span class=\"elementor-button-content-wrapper\">\n\t\t\t\t\t\t\t\t\t<span class=\"elementor-button-text\">More<\/span>\n\t\t\t\t\t<\/span>\n\t\t\t\t\t<\/a>\n\t\t\t\t<\/div>\n\t\t\t\t\t\t\t\t<\/div>\n\t\t\t\t<\/div>\n\t\t\t\t\t<\/div>\n\t\t\t\t<\/div>\n\t\t<div class=\"elementor-element elementor-element-b0664de e-flex e-con-boxed e-con e-parent\" data-id=\"b0664de\" data-element_type=\"container\" data-e-type=\"container\" data-settings=\"{&quot;background_background&quot;:&quot;gradient&quot;}\">\n\t\t\t\t\t<div class=\"e-con-inner\">\n\t\t\t\t<div class=\"elementor-element elementor-element-0496d80 elementor-widget elementor-widget-text-editor\" data-id=\"0496d80\" data-element_type=\"widget\" data-e-type=\"widget\" data-widget_type=\"text-editor.default\">\n\t\t\t\t<div class=\"elementor-widget-container\">\n\t\t\t\t\t\t\t\t\t<h5>\u201c...Silvija Mili\u016bnait\u0117 \u2013 a creator of the younger generation who has chosen the path of continuing tradition rather than pure experiment\u2026\u201d<\/h5>\t\t\t\t\t\t\t\t<\/div>\n\t\t\t\t<\/div>\n\t\t\t\t<div class=\"elementor-element elementor-element-c69ea8e elementor-align-right elementor-widget elementor-widget-button\" data-id=\"c69ea8e\" data-element_type=\"widget\" data-e-type=\"widget\" data-widget_type=\"button.default\">\n\t\t\t\t<div class=\"elementor-widget-container\">\n\t\t\t\t\t\t\t\t\t<div class=\"elementor-button-wrapper\">\n\t\t\t\t\t<a class=\"elementor-button elementor-button-link elementor-size-md\" href=\"https:\/\/www.lrt.lt\/mediateka\/irasas\/2000152594\/garso-ekspedicija-cernobylio-tragedijos-atgarsis-silvijos-miliunaites-bliudziuvienes-ir-orkestro-kremerata-baltica-programoje\">\n\t\t\t\t\t\t<span class=\"elementor-button-content-wrapper\">\n\t\t\t\t\t\t\t\t\t<span class=\"elementor-button-text\">More<\/span>\n\t\t\t\t\t<\/span>\n\t\t\t\t\t<\/a>\n\t\t\t\t<\/div>\n\t\t\t\t\t\t\t\t<\/div>\n\t\t\t\t<\/div>\n\t\t\t\t\t<\/div>\n\t\t\t\t<\/div>\n\t\t<div class=\"elementor-element elementor-element-9aadc0d e-flex e-con-boxed e-con e-parent\" data-id=\"9aadc0d\" data-element_type=\"container\" data-e-type=\"container\" data-settings=\"{&quot;background_background&quot;:&quot;gradient&quot;}\">\n\t\t\t\t\t<div class=\"e-con-inner\">\n\t\t\t\t<div class=\"elementor-element elementor-element-4658d5d elementor-widget elementor-widget-text-editor\" data-id=\"4658d5d\" data-element_type=\"widget\" data-e-type=\"widget\" data-widget_type=\"text-editor.default\">\n\t\t\t\t<div class=\"elementor-widget-container\">\n\t\t\t\t\t\t\t\t\t<h5>\u201c\u2026the composition is very atmospheric; the composer perfectly conveys the horror, sadness, and bleakness of the Chernobyl disaster.\u201d<\/h5>\t\t\t\t\t\t\t\t<\/div>\n\t\t\t\t<\/div>\n\t\t\t\t<div class=\"elementor-element elementor-element-e152a87 elementor-align-right elementor-widget elementor-widget-button\" data-id=\"e152a87\" data-element_type=\"widget\" data-e-type=\"widget\" data-widget_type=\"button.default\">\n\t\t\t\t<div class=\"elementor-widget-container\">\n\t\t\t\t\t\t\t\t\t<div class=\"elementor-button-wrapper\">\n\t\t\t\t\t<a class=\"elementor-button elementor-button-link elementor-size-md\" href=\"http:\/\/\u201c\u2026kompozicija%20labai%20atmosferi\u0161ka,%20kompozitor\u0117%20puikiai%20perteikia%20\u010cernobylio%20katastrofos%20siaub\u0105,%20li\u016bdes\u012f,%20nykum\u0105,\u201c\">\n\t\t\t\t\t\t<span class=\"elementor-button-content-wrapper\">\n\t\t\t\t\t\t\t\t\t<span class=\"elementor-button-text\">More<\/span>\n\t\t\t\t\t<\/span>\n\t\t\t\t\t<\/a>\n\t\t\t\t<\/div>\n\t\t\t\t\t\t\t\t<\/div>\n\t\t\t\t<\/div>\n\t\t\t\t\t<\/div>\n\t\t\t\t<\/div>\n\t\t<div class=\"elementor-element elementor-element-bf35039 e-flex e-con-boxed e-con e-parent\" data-id=\"bf35039\" data-element_type=\"container\" data-e-type=\"container\" data-settings=\"{&quot;background_background&quot;:&quot;gradient&quot;}\">\n\t\t\t\t\t<div class=\"e-con-inner\">\n\t\t\t\t<div class=\"elementor-element elementor-element-07fe7e5 elementor-widget elementor-widget-text-editor\" data-id=\"07fe7e5\" data-element_type=\"widget\" data-e-type=\"widget\" data-widget_type=\"text-editor.default\">\n\t\t\t\t<div class=\"elementor-widget-container\">\n\t\t\t\t\t\t\t\t\t<h5>\u201c\u2026The music Silvija creates is exceptional to me because of its palette of emotions. Such music inspires one to dance and create\u2026\u201d<\/h5>\t\t\t\t\t\t\t\t<\/div>\n\t\t\t\t<\/div>\n\t\t\t\t<div class=\"elementor-element elementor-element-2762fd3 elementor-align-right elementor-widget elementor-widget-button\" data-id=\"2762fd3\" data-element_type=\"widget\" data-e-type=\"widget\" data-widget_type=\"button.default\">\n\t\t\t\t<div class=\"elementor-widget-container\">\n\t\t\t\t\t\t\t\t\t<div class=\"elementor-button-wrapper\">\n\t\t\t\t\t<a class=\"elementor-button elementor-button-link elementor-size-md\" href=\"https:\/\/muzikosantena.lt\/2021\/02\/10\/kompozitore-silvija-miliunaite-bliudziuviene-pristato-trilogija-i-am-here-for-you\/\">\n\t\t\t\t\t\t<span class=\"elementor-button-content-wrapper\">\n\t\t\t\t\t\t\t\t\t<span class=\"elementor-button-text\">More<\/span>\n\t\t\t\t\t<\/span>\n\t\t\t\t\t<\/a>\n\t\t\t\t<\/div>\n\t\t\t\t\t\t\t\t<\/div>\n\t\t\t\t<\/div>\n\t\t\t\t\t<\/div>\n\t\t\t\t<\/div>\n\t\t<div class=\"elementor-element elementor-element-eb23de3 e-flex e-con-boxed e-con e-parent\" data-id=\"eb23de3\" data-element_type=\"container\" data-e-type=\"container\" data-settings=\"{&quot;background_background&quot;:&quot;gradient&quot;}\">\n\t\t\t\t\t<div class=\"e-con-inner\">\n\t\t\t\t<div class=\"elementor-element elementor-element-713c247 elementor-widget elementor-widget-text-editor\" data-id=\"713c247\" data-element_type=\"widget\" data-e-type=\"widget\" data-widget_type=\"text-editor.default\">\n\t\t\t\t<div class=\"elementor-widget-container\">\n\t\t\t\t\t\t\t\t\t<h5>\u201c\u2026SILVIJA MILI\u016aNAIT\u0116: WHEN I CREATE MUSIC, I SEE PEOPLE DANCING BEFORE MY EYES\u2026\u201d<\/h5>\t\t\t\t\t\t\t\t<\/div>\n\t\t\t\t<\/div>\n\t\t\t\t<div class=\"elementor-element elementor-element-5d0e2b8 elementor-align-right elementor-widget elementor-widget-button\" data-id=\"5d0e2b8\" data-element_type=\"widget\" data-e-type=\"widget\" data-widget_type=\"button.default\">\n\t\t\t\t<div class=\"elementor-widget-container\">\n\t\t\t\t\t\t\t\t\t<div class=\"elementor-button-wrapper\">\n\t\t\t\t\t<a class=\"elementor-button elementor-button-link elementor-size-md\" href=\"https:\/\/muzikosantena.lt\/2020\/11\/18\/silvija-miliunaite-bliudziuviene-kai-kuriu-muzika-pries-akis-matau-sokancius-zmones\/\">\n\t\t\t\t\t\t<span class=\"elementor-button-content-wrapper\">\n\t\t\t\t\t\t\t\t\t<span class=\"elementor-button-text\">More<\/span>\n\t\t\t\t\t<\/span>\n\t\t\t\t\t<\/a>\n\t\t\t\t<\/div>\n\t\t\t\t\t\t\t\t<\/div>\n\t\t\t\t<\/div>\n\t\t\t\t\t<\/div>\n\t\t\t\t<\/div>\n\t\t\t\t<\/div>","protected":false},"excerpt":{"rendered":"<p>\u201e&#8230;Spektaklyje skamba labai \u0161viesi muzika \u2013 net kai ji pasakoja apie konfliktus ar i\u0161bandymus, joje visada i\u0161lieka \u0161viesos poj\u016btis. Orkestras repetuoja su d\u017eiaugsmu, nes muzika labai \u012fvairi, nemonotoni\u0161ka, kupina spalv\u0173 ir nuotaik\u0173. Manau, \u017ei\u016brovai tai tikrai pajus\u201c Daugiau &#8222;&#8230;akistata kreivame veidrodyje, dvikova, kurioje \u017evang\u0117jo grandin\u0117s ir ant b\u016bgno byr\u0117jo ilgi neu\u017edegti degtukai. Truput\u012f Fluxus, truput\u012f [&hellip;]<\/p>\n","protected":false},"author":1,"featured_media":0,"parent":0,"menu_order":0,"comment_status":"closed","ping_status":"closed","template":"","meta":{"footnotes":""},"class_list":["post-1550","page","type-page","status-publish","hentry"],"blocksy_meta":[],"_links":{"self":[{"href":"https:\/\/silvijamiliunaite.com\/en\/wp-json\/wp\/v2\/pages\/1550","targetHints":{"allow":["GET"]}}],"collection":[{"href":"https:\/\/silvijamiliunaite.com\/en\/wp-json\/wp\/v2\/pages"}],"about":[{"href":"https:\/\/silvijamiliunaite.com\/en\/wp-json\/wp\/v2\/types\/page"}],"author":[{"embeddable":true,"href":"https:\/\/silvijamiliunaite.com\/en\/wp-json\/wp\/v2\/users\/1"}],"replies":[{"embeddable":true,"href":"https:\/\/silvijamiliunaite.com\/en\/wp-json\/wp\/v2\/comments?post=1550"}],"version-history":[{"count":44,"href":"https:\/\/silvijamiliunaite.com\/en\/wp-json\/wp\/v2\/pages\/1550\/revisions"}],"predecessor-version":[{"id":3019,"href":"https:\/\/silvijamiliunaite.com\/en\/wp-json\/wp\/v2\/pages\/1550\/revisions\/3019"}],"wp:attachment":[{"href":"https:\/\/silvijamiliunaite.com\/en\/wp-json\/wp\/v2\/media?parent=1550"}],"curies":[{"name":"wp","href":"https:\/\/api.w.org\/{rel}","templated":true}]}}