{"id":1619,"date":"2023-07-28T11:09:22","date_gmt":"2023-07-28T11:09:22","guid":{"rendered":"https:\/\/silvijamiliunaite.com\/?page_id=1619"},"modified":"2026-04-17T11:57:35","modified_gmt":"2026-04-17T09:57:35","slug":"biography-2","status":"publish","type":"page","link":"https:\/\/silvijamiliunaite.com\/en\/biography-2\/","title":{"rendered":"Biography"},"content":{"rendered":"<div data-elementor-type=\"wp-page\" data-elementor-id=\"1619\" class=\"elementor elementor-1619\">\n\t\t\t\t<div class=\"elementor-element elementor-element-97ade72 e-flex e-con-boxed e-con e-parent\" data-id=\"97ade72\" data-element_type=\"container\" data-e-type=\"container\" data-settings=\"{&quot;background_background&quot;:&quot;gradient&quot;}\">\n\t\t\t\t\t<div class=\"e-con-inner\">\n\t\t\t\t<div class=\"elementor-element elementor-element-5a54371 elementor-widget elementor-widget-heading\" data-id=\"5a54371\" data-element_type=\"widget\" data-e-type=\"widget\" data-widget_type=\"heading.default\">\n\t\t\t\t<div class=\"elementor-widget-container\">\n\t\t\t\t\t<h2 class=\"elementor-heading-title elementor-size-default\">Biography<\/h2>\t\t\t\t<\/div>\n\t\t\t\t<\/div>\n\t\t<div class=\"elementor-element elementor-element-885427c e-con-full e-flex e-con e-child\" data-id=\"885427c\" data-element_type=\"container\" data-e-type=\"container\">\n\t\t\t\t<div class=\"elementor-element elementor-element-4ecae87 elementor-widget__width-initial elementor-widget elementor-widget-text-editor\" data-id=\"4ecae87\" data-element_type=\"widget\" data-e-type=\"widget\" data-widget_type=\"text-editor.default\">\n\t\t\t\t<div class=\"elementor-widget-container\">\n\t\t\t\t\t\t\t\t\t<article lang=\"lt\"><section><h5><strong>Silvija Mili\u016bnait\u0117<\/strong> \u2013 \u0161iuolaikin\u0117s muzikos lietuvi\u0173 kompozitor\u0117, kurios k\u016bryba apima koncertin\u0119 muzik\u0105, veikalus teatrui, \u0161okiui bei tarpdisciplininius projektus. 2026 m. u\u017e spektakl\u012f \u201ePanama labai gra\u017ei\u201c nominuota \u201eAuksiniam scenos kry\u017eiui\u201c Met\u0173 spektaklio vaikams ir jaunimui kategorijoje. Tarptautin\u0117je spaudoje apib\u016bdinama kaip \u201ekylanti Lietuvos \u017evaig\u017ed\u0117\u201c (erpmusic.com), kompozitor\u0117 savo muzikoje jungia subtil\u0173 mikromelodin\u012f jud\u0117jim\u0105, ry\u0161k\u0173 ritm\u0105 ir emocin\u012f skaidrum\u0105. Minimalistin\u0117 ir neoromantin\u0117 estetika Silvijos darbuose persipina su jos, kaip atlik\u0117jos, patirtimi bei baroko ir klasikin\u0117s muzikos tradicija, o elektronika da\u017enai pasitelkiama kaip ekspresijos priemon\u0117, papildanti akustin\u012f skambes\u012f.<\/h5><\/section><section><h5>In recent years, the composer has created a series of prominent stage and concert works. In 2025, the Klaip\u0117da State Musical Theatre presented the dance performance for children \u201ePanama labai gra\u017ei\u201c, and the premiere of the ballet \u201eSaul\u0117s dukros\u201c, staged by Neli Beliakait\u0117's Baltic Ballet Academy, took place on the stage of the Lithuanian National Opera and Ballet Theatre (LNOBT). In the same year, the first Lithuanian double concerto for percussion and string orchestra, \u201eFire Games for Two\u201c, was presented at the \"Gaida\" festival, alongside the releases of the plays \u201eMuzikos miestas\u201c and \u201e\u017demait\u0117 N. 18 (0)\u201c. Her creative output also includes the 2024 dance performance for children \u201ePel\u0117da Dr\u016blija\u201c (staged by the ensemble \"Lietuva\"), the 2023 play \u201eCamino Real\u201c at the Panev\u0117\u017eys J. Miltinis Drama Theatre, and the dance performance \u201eEinu namo\u201c, which debuted in Visaginas in 2022.<\/h5><\/section><section><h5>Earlier notable works include the dance-movement film \u201eAnapus sien\u0173\u201c (2021), the children's ballet \u201eKai atbunda \u017eaislai\u201c (2021), the piece for soprano and string orchestra \u201eI\u0161 tamsos \u012f \u0161vies\u0105\u201c (2021), and the composition for string orchestra \u201eBlack Grass Town\u201c (2019), dedicated to the 35th anniversary of the Chernobyl disaster. Silvija\u2019s music is performed by acclaimed collectives, including the Lithuanian Chamber Orchestra, the Lithuanian State Symphony Orchestra, the St. Christopher Chamber Orchestra, the Kaunas Symphony Orchestra, \"Kremerata Lituanica,\" the State Ensemble \"Lietuva,\" and others. Her works are interpreted by prominent soloists on both Lithuanian and international stages, actively enriching the contemporary music repertoire.<\/h5><\/section><section><h5>S. Mili\u016bnait\u0117s k\u016bryba pla\u010diai pristatoma tarptautiniuose festivaliuose: \u201eGaida\u201c, \u201eVilniaus festivalis\u201c, \u201ePa\u017eaislio muzikos festivalis\u201c, \u201eGlasperlenspiel\u201c (Estija), \u201eSommets Musicaux de Gstaad\u201c (\u0160veicarija) ir kt. Tarpdisciplinini\u0173 projekt\u0173 lauke i\u0161siskiria autor\u0117s inicijuota muzikin\u0117 fotografij\u0173 paroda \u201eKelias migloje\u201c (kartu su V. Usinavi\u010diumi-Auguliu), kurioje elektroakustin\u0117 muzika ir analoginis fotomenas susilieja \u012f vientis\u0105 pasakojim\u0105. Tarptautin\u012f pripa\u017einim\u0105 \u017eymi ir Japonijos bei Lietuvos draugyst\u0117s \u0161imtme\u010diui skirtas k\u016brinys dviem smuikams ir elektronikai \u201eGreen Journey\u201c, kurio premjera \u012fvyko Kanadzavoje (Japonija). Autor\u0117s k\u016bryboje juntamas atvirumas ir populiariosios kult\u016bros impulsams \u2013 tai liudija bendradarbiavimas su kultine roko grupe \u201eAntis\u201c, kurios albume \u201eBaisiai d\u017eiugu\u201c pasirod\u0117 kompozitor\u0117s \u201eAntisimfonija\u201c. Kompozitor\u0117s k\u016briniai skamba ne tik Lietuvoje, bet ir Japonijoje, Vokietijoje, Austrijoje, \u0160veicarijoje, Pranc\u016bzijoje, Belgijoje, Vengrijoje, Ukrainoje, Azerbaid\u017eane, Estijoje bei Latvijoje.<\/h5><\/section><section><h5>Silvija Mili\u016bnait\u0117 studied violin and composition at the Kaunas Juozas Naujalis Music Gymnasium (in the class of teacher Algirdas Brilius). In 2019, she earned a Bachelor\u2019s degree in Composition, and in 2022, a Master\u2019s degree from the Lithuanian Academy of Music and Theatre, in the class of Prof. Mindaugas Urbaitis.<\/h5><\/section><\/article>\t\t\t\t\t\t\t\t<\/div>\n\t\t\t\t<\/div>\n\t\t\t\t<div class=\"elementor-element elementor-element-c1540a3 elementor-widget elementor-widget-image\" data-id=\"c1540a3\" data-element_type=\"widget\" data-e-type=\"widget\" data-widget_type=\"image.default\">\n\t\t\t\t<div class=\"elementor-widget-container\">\n\t\t\t\t\t\t\t\t\t\t\t\t\t\t\t<img fetchpriority=\"high\" decoding=\"async\" width=\"1024\" height=\"768\" src=\"https:\/\/silvijamiliunaite.com\/wp-content\/uploads\/2024\/10\/image00004-1024x768.jpeg\" class=\"attachment-large size-large wp-image-2238\" alt=\"\" srcset=\"https:\/\/silvijamiliunaite.com\/wp-content\/uploads\/2024\/10\/image00004-1024x768.jpeg 1024w, https:\/\/silvijamiliunaite.com\/wp-content\/uploads\/2024\/10\/image00004-300x225.jpeg 300w, https:\/\/silvijamiliunaite.com\/wp-content\/uploads\/2024\/10\/image00004-768x576.jpeg 768w, https:\/\/silvijamiliunaite.com\/wp-content\/uploads\/2024\/10\/image00004-1536x1152.jpeg 1536w, https:\/\/silvijamiliunaite.com\/wp-content\/uploads\/2024\/10\/image00004-2048x1536.jpeg 2048w\" sizes=\"(max-width: 1024px) 100vw, 1024px\" \/>\t\t\t\t\t\t\t\t\t\t\t\t\t\t\t<\/div>\n\t\t\t\t<\/div>\n\t\t\t\t<\/div>\n\t\t\t\t\t<\/div>\n\t\t\t\t<\/div>\n\t\t<div class=\"elementor-element elementor-element-a6fe8a6 e-flex e-con-boxed e-con e-parent\" data-id=\"a6fe8a6\" data-element_type=\"container\" data-e-type=\"container\" data-settings=\"{&quot;background_background&quot;:&quot;gradient&quot;}\">\n\t\t\t\t\t<div class=\"e-con-inner\">\n\t\t\t\t<div class=\"elementor-element elementor-element-9bb7b1a elementor-arrows-position-outside elementor-pagination-position-outside elementor-widget elementor-widget-image-carousel\" data-id=\"9bb7b1a\" data-element_type=\"widget\" data-e-type=\"widget\" data-settings=\"{&quot;lazyload&quot;:&quot;yes&quot;,&quot;navigation&quot;:&quot;both&quot;,&quot;autoplay&quot;:&quot;yes&quot;,&quot;pause_on_hover&quot;:&quot;yes&quot;,&quot;pause_on_interaction&quot;:&quot;yes&quot;,&quot;autoplay_speed&quot;:5000,&quot;infinite&quot;:&quot;yes&quot;,&quot;speed&quot;:500,&quot;image_spacing_custom&quot;:{&quot;unit&quot;:&quot;px&quot;,&quot;size&quot;:20,&quot;sizes&quot;:[]},&quot;image_spacing_custom_tablet&quot;:{&quot;unit&quot;:&quot;px&quot;,&quot;size&quot;:&quot;&quot;,&quot;sizes&quot;:[]},&quot;image_spacing_custom_mobile&quot;:{&quot;unit&quot;:&quot;px&quot;,&quot;size&quot;:&quot;&quot;,&quot;sizes&quot;:[]}}\" data-widget_type=\"image-carousel.default\">\n\t\t\t\t<div class=\"elementor-widget-container\">\n\t\t\t\t\t\t\t<div class=\"elementor-image-carousel-wrapper swiper\" role=\"region\" aria-roledescription=\"carousel\" aria-label=\"Image Carousel\" dir=\"ltr\">\n\t\t\t<div class=\"elementor-image-carousel swiper-wrapper\" aria-live=\"off\">\n\t\t\t\t\t\t\t\t<div class=\"swiper-slide\" role=\"group\" aria-roledescription=\"slide\" aria-label=\"1 of 6\" data-no-translation-aria-label=\"\"><a data-elementor-open-lightbox=\"yes\" data-elementor-lightbox-slideshow=\"9bb7b1a\" data-elementor-lightbox-title=\"1530b99e-07b2-4247-be4c-a32ff414928b\" data-e-action-hash=\"#elementor-action%3Aaction%3Dlightbox%26settings%3DeyJpZCI6MjAwNCwidXJsIjoiaHR0cHM6XC9cL3NpbHZpamFtaWxpdW5haXRlLmNvbVwvd3AtY29udGVudFwvdXBsb2Fkc1wvMjAyNFwvMDZcLzE1MzBiOTllLTA3YjItNDI0Ny1iZTRjLWEzMmZmNDE0OTI4Yi5qcGciLCJzbGlkZXNob3ciOiI5YmI3YjFhIn0%3D\" href=\"https:\/\/silvijamiliunaite.com\/galery\/\"><figure class=\"swiper-slide-inner\"><img class=\"swiper-slide-image swiper-lazy\" data-src=\"https:\/\/silvijamiliunaite.com\/wp-content\/uploads\/2024\/06\/1530b99e-07b2-4247-be4c-a32ff414928b-768x512.jpg\" alt=\"1530b99e-07b2-4247-be4c-a32ff414928b\" \/><div class=\"swiper-lazy-preloader\"><\/div><\/figure><\/a><\/div><div class=\"swiper-slide\" role=\"group\" aria-roledescription=\"slide\" aria-label=\"2 of 6\" data-no-translation-aria-label=\"\"><a data-elementor-open-lightbox=\"yes\" data-elementor-lightbox-slideshow=\"9bb7b1a\" data-elementor-lightbox-title=\"Kremerata Lithuanica_Koncertas \u010cernobilio aukoms atminti\" data-e-action-hash=\"#elementor-action%3Aaction%3Dlightbox%26settings%3DeyJpZCI6MTk2MywidXJsIjoiaHR0cHM6XC9cL3NpbHZpamFtaWxpdW5haXRlLmNvbVwvd3AtY29udGVudFwvdXBsb2Fkc1wvMjAyNFwvMDJcL0tyZW1lcmF0YS1MaXRodWFuaWNhX0tvbmNlcnRhcy1DZXJub2JpbGlvLWF1a29tcy1hdG1pbnRpLmpwZyIsInNsaWRlc2hvdyI6IjliYjdiMWEifQ%3D%3D\" href=\"https:\/\/silvijamiliunaite.com\/galery\/\"><figure class=\"swiper-slide-inner\"><img class=\"swiper-slide-image swiper-lazy\" data-src=\"https:\/\/silvijamiliunaite.com\/wp-content\/uploads\/2024\/02\/Kremerata-Lithuanica_Koncertas-Cernobilio-aukoms-atminti-768x768.jpg\" alt=\"Kremerata Lithuanica_Koncertas \u010cernobilio aukoms atminti\" \/><div class=\"swiper-lazy-preloader\"><\/div><\/figure><\/a><\/div><div class=\"swiper-slide\" role=\"group\" aria-roledescription=\"slide\" aria-label=\"3 of 6\" data-no-translation-aria-label=\"\"><a data-elementor-open-lightbox=\"yes\" data-elementor-lightbox-slideshow=\"9bb7b1a\" data-elementor-lightbox-title=\"IMG_20221021_151725_257\" data-e-action-hash=\"#elementor-action%3Aaction%3Dlightbox%26settings%3DeyJpZCI6MTk1NSwidXJsIjoiaHR0cHM6XC9cL3NpbHZpamFtaWxpdW5haXRlLmNvbVwvd3AtY29udGVudFwvdXBsb2Fkc1wvMjAyNFwvMDJcL0lNR18yMDIyMTAyMV8xNTE3MjVfMjU3LmpwZyIsInNsaWRlc2hvdyI6IjliYjdiMWEifQ%3D%3D\" href=\"https:\/\/silvijamiliunaite.com\/galery\/\"><figure class=\"swiper-slide-inner\"><img class=\"swiper-slide-image swiper-lazy\" data-src=\"https:\/\/silvijamiliunaite.com\/wp-content\/uploads\/2024\/02\/IMG_20221021_151725_257.jpg\" alt=\"IMG_20221021_151725_257\" \/><div class=\"swiper-lazy-preloader\"><\/div><\/figure><\/a><\/div><div class=\"swiper-slide\" role=\"group\" aria-roledescription=\"slide\" aria-label=\"4 of 6\" data-no-translation-aria-label=\"\"><a data-elementor-open-lightbox=\"yes\" data-elementor-lightbox-slideshow=\"9bb7b1a\" data-elementor-lightbox-title=\"Baleto _Kai atbunda \u017eaislai_ \u012fra\u0161ai_\" data-e-action-hash=\"#elementor-action%3Aaction%3Dlightbox%26settings%3DeyJpZCI6MTk0NCwidXJsIjoiaHR0cHM6XC9cL3NpbHZpamFtaWxpdW5haXRlLmNvbVwvd3AtY29udGVudFwvdXBsb2Fkc1wvMjAyNFwvMDJcL0JhbGV0by1fS2FpLWF0YnVuZGEtemFpc2xhaV8taXJhc2FpXy1zY2FsZWQuanBnIiwic2xpZGVzaG93IjoiOWJiN2IxYSJ9\" href=\"https:\/\/silvijamiliunaite.com\/galery\/\"><figure class=\"swiper-slide-inner\"><img class=\"swiper-slide-image swiper-lazy\" data-src=\"https:\/\/silvijamiliunaite.com\/wp-content\/uploads\/2024\/02\/Baleto-_Kai-atbunda-zaislai_-irasai_-768x512.jpg\" alt=\"Baleto _Kai atbunda \u017eaislai_ \u012fra\u0161ai_\" \/><div class=\"swiper-lazy-preloader\"><\/div><\/figure><\/a><\/div><div class=\"swiper-slide\" role=\"group\" aria-roledescription=\"slide\" aria-label=\"5 of 6\" data-no-translation-aria-label=\"\"><a data-elementor-open-lightbox=\"yes\" data-elementor-lightbox-slideshow=\"9bb7b1a\" data-elementor-lightbox-title=\"3(1)\" data-e-action-hash=\"#elementor-action%3Aaction%3Dlightbox%26settings%3DeyJpZCI6MTkzMSwidXJsIjoiaHR0cHM6XC9cL3NpbHZpamFtaWxpdW5haXRlLmNvbVwvd3AtY29udGVudFwvdXBsb2Fkc1wvMjAyNFwvMDJcLzMxLXNjYWxlZC5qcGciLCJzbGlkZXNob3ciOiI5YmI3YjFhIn0%3D\" href=\"https:\/\/silvijamiliunaite.com\/galery\/\"><figure class=\"swiper-slide-inner\"><img class=\"swiper-slide-image swiper-lazy\" data-src=\"https:\/\/silvijamiliunaite.com\/wp-content\/uploads\/2024\/02\/31-768x535.jpg\" alt=\"3(1)\" \/><div class=\"swiper-lazy-preloader\"><\/div><\/figure><\/a><\/div><div class=\"swiper-slide\" role=\"group\" aria-roledescription=\"slide\" aria-label=\"6 of 6\" data-no-translation-aria-label=\"\"><a data-elementor-open-lightbox=\"yes\" data-elementor-lightbox-slideshow=\"9bb7b1a\" data-elementor-lightbox-title=\"1\" data-e-action-hash=\"#elementor-action%3Aaction%3Dlightbox%26settings%3DeyJpZCI6MTkzMCwidXJsIjoiaHR0cHM6XC9cL3NpbHZpamFtaWxpdW5haXRlLmNvbVwvd3AtY29udGVudFwvdXBsb2Fkc1wvMjAyNFwvMDJcLzEuanBnIiwic2xpZGVzaG93IjoiOWJiN2IxYSJ9\" href=\"https:\/\/silvijamiliunaite.com\/galery\/\"><figure class=\"swiper-slide-inner\"><img class=\"swiper-slide-image swiper-lazy\" data-src=\"https:\/\/silvijamiliunaite.com\/wp-content\/uploads\/2024\/02\/1-768x429.jpg\" alt=\"1\" \/><div class=\"swiper-lazy-preloader\"><\/div><\/figure><\/a><\/div>\t\t\t<\/div>\n\t\t\t\t\t\t\t\t\t\t\t\t<div class=\"elementor-swiper-button elementor-swiper-button-prev\" role=\"button\" tabindex=\"0\">\n\t\t\t\t\t\t<i aria-hidden=\"true\" class=\"eicon-chevron-left\"><\/i>\t\t\t\t\t<\/div>\n\t\t\t\t\t<div class=\"elementor-swiper-button elementor-swiper-button-next\" role=\"button\" tabindex=\"0\">\n\t\t\t\t\t\t<i aria-hidden=\"true\" class=\"eicon-chevron-right\"><\/i>\t\t\t\t\t<\/div>\n\t\t\t\t\n\t\t\t\t\t\t\t\t\t<div class=\"swiper-pagination\"><\/div>\n\t\t\t\t\t\t\t\t\t<\/div>\n\t\t\t\t\t\t<\/div>\n\t\t\t\t<\/div>\n\t\t\t\t\t<\/div>\n\t\t\t\t<\/div>\n\t\t\t\t<\/div>","protected":false},"excerpt":{"rendered":"<p>Biografija Silvija Mili\u016bnait\u0117 \u2013 \u0161iuolaikin\u0117s muzikos lietuvi\u0173 kompozitor\u0117, kurios k\u016bryba apima koncertin\u0119 muzik\u0105, veikalus teatrui, \u0161okiui bei tarpdisciplininius projektus. 2026 m. u\u017e spektakl\u012f \u201ePanama labai gra\u017ei\u201c nominuota \u201eAuksiniam scenos kry\u017eiui\u201c Met\u0173 spektaklio vaikams ir jaunimui kategorijoje. Tarptautin\u0117je spaudoje apib\u016bdinama kaip \u201ekylanti Lietuvos \u017evaig\u017ed\u0117\u201c (erpmusic.com), kompozitor\u0117 savo muzikoje jungia subtil\u0173 mikromelodin\u012f jud\u0117jim\u0105, ry\u0161k\u0173 ritm\u0105 ir emocin\u012f [&hellip;]<\/p>\n","protected":false},"author":1,"featured_media":0,"parent":0,"menu_order":0,"comment_status":"closed","ping_status":"closed","template":"","meta":{"footnotes":""},"class_list":["post-1619","page","type-page","status-publish","hentry"],"blocksy_meta":[],"_links":{"self":[{"href":"https:\/\/silvijamiliunaite.com\/en\/wp-json\/wp\/v2\/pages\/1619","targetHints":{"allow":["GET"]}}],"collection":[{"href":"https:\/\/silvijamiliunaite.com\/en\/wp-json\/wp\/v2\/pages"}],"about":[{"href":"https:\/\/silvijamiliunaite.com\/en\/wp-json\/wp\/v2\/types\/page"}],"author":[{"embeddable":true,"href":"https:\/\/silvijamiliunaite.com\/en\/wp-json\/wp\/v2\/users\/1"}],"replies":[{"embeddable":true,"href":"https:\/\/silvijamiliunaite.com\/en\/wp-json\/wp\/v2\/comments?post=1619"}],"version-history":[{"count":49,"href":"https:\/\/silvijamiliunaite.com\/en\/wp-json\/wp\/v2\/pages\/1619\/revisions"}],"predecessor-version":[{"id":2957,"href":"https:\/\/silvijamiliunaite.com\/en\/wp-json\/wp\/v2\/pages\/1619\/revisions\/2957"}],"wp:attachment":[{"href":"https:\/\/silvijamiliunaite.com\/en\/wp-json\/wp\/v2\/media?parent=1619"}],"curies":[{"name":"wp","href":"https:\/\/api.w.org\/{rel}","templated":true}]}}