{"id":1621,"date":"2023-07-28T11:09:22","date_gmt":"2023-07-28T11:09:22","guid":{"rendered":"https:\/\/silvijamiliunaite.com\/?page_id=1621"},"modified":"2026-04-17T13:55:12","modified_gmt":"2026-04-17T11:55:12","slug":"contacts","status":"publish","type":"page","link":"https:\/\/silvijamiliunaite.com\/en\/contacts\/","title":{"rendered":"Contacts"},"content":{"rendered":"\t\t<div data-elementor-type=\"wp-page\" data-elementor-id=\"1621\" class=\"elementor elementor-1621\">\n\t\t\t\t<div class=\"elementor-element elementor-element-dd3c6ea e-flex e-con-boxed e-con e-parent\" data-id=\"dd3c6ea\" data-element_type=\"container\" data-e-type=\"container\" data-settings=\"{&quot;background_background&quot;:&quot;gradient&quot;}\">\n\t\t\t\t\t<div class=\"e-con-inner\">\n\t\t<div class=\"elementor-element elementor-element-6943765 e-con-full e-flex e-con e-child\" data-id=\"6943765\" data-element_type=\"container\" data-e-type=\"container\">\n\t\t\t\t<div class=\"elementor-element elementor-element-db0d444 elementor-view-default elementor-widget elementor-widget-icon\" data-id=\"db0d444\" data-element_type=\"widget\" data-e-type=\"widget\" data-widget_type=\"icon.default\">\n\t\t\t\t<div class=\"elementor-widget-container\">\n\t\t\t\t\t\t\t<div class=\"elementor-icon-wrapper\">\n\t\t\t<div class=\"elementor-icon elementor-animation-grow\">\n\t\t\t<i aria-hidden=\"true\" class=\"fas fa-envelope\"><\/i>\t\t\t<\/div>\n\t\t<\/div>\n\t\t\t\t\t\t<\/div>\n\t\t\t\t<\/div>\n\t\t\t\t<div class=\"elementor-element elementor-element-dc5d108 elementor-widget elementor-widget-heading\" data-id=\"dc5d108\" data-element_type=\"widget\" data-e-type=\"widget\" data-widget_type=\"heading.default\">\n\t\t\t\t<div class=\"elementor-widget-container\">\n\t\t\t\t\t<h4 class=\"elementor-heading-title elementor-size-default\">Email<\/h4>\t\t\t\t<\/div>\n\t\t\t\t<\/div>\n\t\t\t\t<\/div>\n\t\t<div class=\"elementor-element elementor-element-c5ea31f e-con-full e-flex e-con e-child\" data-id=\"c5ea31f\" data-element_type=\"container\" data-e-type=\"container\">\n\t\t\t\t<div class=\"elementor-element elementor-element-0bf431c elementor-widget elementor-widget-heading\" data-id=\"0bf431c\" data-element_type=\"widget\" data-e-type=\"widget\" data-widget_type=\"heading.default\">\n\t\t\t\t<div class=\"elementor-widget-container\">\n\t\t\t\t\t<h5 class=\"elementor-heading-title elementor-size-default\">silvija.miliunaite@gmail.com<\/h5>\t\t\t\t<\/div>\n\t\t\t\t<\/div>\n\t\t\t\t<\/div>\n\t\t\t\t\t<\/div>\n\t\t\t\t<\/div>\n\t\t<div class=\"elementor-element elementor-element-4f7cde9 e-flex e-con-boxed e-con e-parent\" data-id=\"4f7cde9\" data-element_type=\"container\" data-e-type=\"container\" data-settings=\"{&quot;background_background&quot;:&quot;gradient&quot;}\">\n\t\t\t\t\t<div class=\"e-con-inner\">\n\t\t\t\t<div class=\"elementor-element elementor-element-7706470 elementor-widget elementor-widget-wpforms\" data-id=\"7706470\" data-element_type=\"widget\" data-e-type=\"widget\" data-widget_type=\"wpforms.default\">\n\t\t\t\t<div class=\"elementor-widget-container\">\n\t\t\t\t\t<div class=\"wpforms-container \" id=\"wpforms-1353\"><form id=\"wpforms-form-1353\" class=\"wpforms-validate wpforms-form\" data-formid=\"1353\" method=\"post\" enctype=\"multipart\/form-data\" action=\"\/en\/wp-json\/wp\/v2\/pages\/1621\" data-token=\"2058c61499a420832adff9d11e757c78\" data-token-time=\"1777633474\"><div class=\"wpforms-head-container\"><div class=\"wpforms-title\">Siusti \u017einut\u0119<\/div><\/div><noscript class=\"wpforms-error-noscript\">Please enable JavaScript in your browser to complete this form.<\/noscript><div class=\"wpforms-field-container\"><div id=\"wpforms-1353-field_1-container\" class=\"wpforms-field wpforms-field-email\" data-field-id=\"1\"><label class=\"wpforms-field-label wpforms-label-hide\" for=\"wpforms-1353-field_1\">Email <span class=\"wpforms-required-label\">*<\/span><\/label><input type=\"email\" id=\"wpforms-1353-field_1\" class=\"wpforms-field-large wpforms-field-required\" name=\"wpforms[fields][1]\" placeholder=\"Email adresas\" spellcheck=\"false\" required><\/div><div id=\"wpforms-1353-field_3-container\" class=\"wpforms-field wpforms-field-text\" data-field-id=\"3\"><label class=\"wpforms-field-label wpforms-label-hide\" for=\"wpforms-1353-field_3\">Tema <span class=\"wpforms-required-label\">*<\/span><\/label><input type=\"text\" id=\"wpforms-1353-field_3\" class=\"wpforms-field-large wpforms-field-required\" name=\"wpforms[fields][3]\" placeholder=\"Tema\" required><\/div><div id=\"wpforms-1353-field_2-container\" class=\"wpforms-field wpforms-field-textarea\" data-field-id=\"2\"><label class=\"wpforms-field-label wpforms-label-hide\" for=\"wpforms-1353-field_2\">Comment or Message <span class=\"wpforms-required-label\">*<\/span><\/label><textarea id=\"wpforms-1353-field_2\" class=\"wpforms-field-medium wpforms-field-required\" name=\"wpforms[fields][2]\" placeholder=\"Jusu \u017einute\" required><\/textarea><\/div><\/div><!-- .wpforms-field-container --><div class=\"wpforms-submit-container\" ><input type=\"hidden\" name=\"wpforms[id]\" value=\"1353\"><input type=\"hidden\" name=\"page_title\" value=\"\"><input type=\"hidden\" name=\"page_url\" value=\"https:\/\/silvijamiliunaite.com\/en\/wp-json\/wp\/v2\/pages\/1621\"><input type=\"hidden\" name=\"url_referer\" value=\"\"><button type=\"submit\" name=\"wpforms[submit]\" id=\"wpforms-submit-1353\" class=\"wpforms-submit\" data-alt-text=\"Siun\u010diama\" data-submit-text=\"Siusti \u017einut\u0119\" aria-live=\"assertive\" value=\"wpforms-submit\">Siusti \u017einut\u0119<\/button><\/div><\/form><\/div>  <!-- .wpforms-container -->\t\t\t\t<\/div>\n\t\t\t\t<\/div>\n\t\t\t\t<div class=\"elementor-element elementor-element-04cc300 elementor-list-item-link-inline elementor-align-end elementor-icon-list--layout-traditional elementor-widget elementor-widget-icon-list\" data-id=\"04cc300\" data-element_type=\"widget\" data-e-type=\"widget\" data-widget_type=\"icon-list.default\">\n\t\t\t\t<div class=\"elementor-widget-container\">\n\t\t\t\t\t\t\t<ul class=\"elementor-icon-list-items\">\n\t\t\t\t\t\t\t<li class=\"elementor-icon-list-item\">\n\t\t\t\t\t\t\t\t\t\t\t<a href=\"https:\/\/open.spotify.com\/artist\/0WEJnONR8JSXzHgPDLVPZs\">\n\n\t\t\t\t\t\t\t\t\t\t\t\t<span class=\"elementor-icon-list-icon\">\n\t\t\t\t\t\t\t<i aria-hidden=\"true\" class=\"fab fa-spotify\"><\/i>\t\t\t\t\t\t<\/span>\n\t\t\t\t\t\t\t\t\t\t<span class=\"elementor-icon-list-text\">Spotify<\/span>\n\t\t\t\t\t\t\t\t\t\t\t<\/a>\n\t\t\t\t\t\t\t\t\t<\/li>\n\t\t\t\t\t\t\t\t<li class=\"elementor-icon-list-item\">\n\t\t\t\t\t\t\t\t\t\t\t<a href=\"https:\/\/www.youtube.com\/@SilvijaMiliunaite\">\n\n\t\t\t\t\t\t\t\t\t\t\t\t<span class=\"elementor-icon-list-icon\">\n\t\t\t\t\t\t\t<i aria-hidden=\"true\" class=\"fab fa-youtube\"><\/i>\t\t\t\t\t\t<\/span>\n\t\t\t\t\t\t\t\t\t\t<span class=\"elementor-icon-list-text\">Youtube<\/span>\n\t\t\t\t\t\t\t\t\t\t\t<\/a>\n\t\t\t\t\t\t\t\t\t<\/li>\n\t\t\t\t\t\t\t\t<li class=\"elementor-icon-list-item\">\n\t\t\t\t\t\t\t\t\t\t\t<a href=\"https:\/\/www.facebook.com\/silvijamiliunaite.official\">\n\n\t\t\t\t\t\t\t\t\t\t\t\t<span class=\"elementor-icon-list-icon\">\n\t\t\t\t\t\t\t<i aria-hidden=\"true\" class=\"fab fa-facebook\"><\/i>\t\t\t\t\t\t<\/span>\n\t\t\t\t\t\t\t\t\t\t<span class=\"elementor-icon-list-text\">Facebook<\/span>\n\t\t\t\t\t\t\t\t\t\t\t<\/a>\n\t\t\t\t\t\t\t\t\t<\/li>\n\t\t\t\t\t\t\t\t<li class=\"elementor-icon-list-item\">\n\t\t\t\t\t\t\t\t\t\t\t<a href=\"https:\/\/www.instagram.com\/silvijamiliunaite\">\n\n\t\t\t\t\t\t\t\t\t\t\t\t<span class=\"elementor-icon-list-icon\">\n\t\t\t\t\t\t\t<i aria-hidden=\"true\" class=\"fab fa-instagram\"><\/i>\t\t\t\t\t\t<\/span>\n\t\t\t\t\t\t\t\t\t\t<span class=\"elementor-icon-list-text\">Instagram<\/span>\n\t\t\t\t\t\t\t\t\t\t\t<\/a>\n\t\t\t\t\t\t\t\t\t<\/li>\n\t\t\t\t\t\t\t\t<li class=\"elementor-icon-list-item\">\n\t\t\t\t\t\t\t\t\t\t\t<a href=\"https:\/\/www.deezer.com\/en\/artist\/297244121\">\n\n\t\t\t\t\t\t\t\t\t\t\t\t<span class=\"elementor-icon-list-icon\">\n\t\t\t\t\t\t\t<i aria-hidden=\"true\" class=\"fab fa-deezer\"><\/i>\t\t\t\t\t\t<\/span>\n\t\t\t\t\t\t\t\t\t\t<span class=\"elementor-icon-list-text\">Deezer<\/span>\n\t\t\t\t\t\t\t\t\t\t\t<\/a>\n\t\t\t\t\t\t\t\t\t<\/li>\n\t\t\t\t\t\t\t\t<li class=\"elementor-icon-list-item\">\n\t\t\t\t\t\t\t\t\t\t\t<a href=\"https:\/\/music.apple.com\/ca\/artist\/silvija-mili\u016bnait\u0117\/1789368708\">\n\n\t\t\t\t\t\t\t\t\t\t\t\t<span class=\"elementor-icon-list-icon\">\n\t\t\t\t\t\t\t<i aria-hidden=\"true\" class=\"fas fa-music\"><\/i>\t\t\t\t\t\t<\/span>\n\t\t\t\t\t\t\t\t\t\t<span class=\"elementor-icon-list-text\">Apple Music<\/span>\n\t\t\t\t\t\t\t\t\t\t\t<\/a>\n\t\t\t\t\t\t\t\t\t<\/li>\n\t\t\t\t\t\t\t\t<li class=\"elementor-icon-list-item\">\n\t\t\t\t\t\t\t\t\t\t\t<a href=\"https:\/\/www.pakartot.lt\/alias\/silvija-miliunaite-bliudziuviene\">\n\n\t\t\t\t\t\t\t\t\t\t\t\t<span class=\"elementor-icon-list-icon\">\n\t\t\t\t\t\t\t<svg xmlns=\"http:\/\/www.w3.org\/2000\/svg\" xmlns:xlink=\"http:\/\/www.w3.org\/1999\/xlink\" id=\"Layer_1\" x=\"0px\" y=\"0px\" viewBox=\"0 0 78 60\" style=\"enable-background:new 0 0 78 60;\" xml:space=\"preserve\"><style type=\"text\/css\">\t.st0{fill:url(#SVGID_1_);}\t.st1{fill:url(#SVGID_2_);}\t.st2{fill:url(#SVGID_3_);}\t.st3{fill:url(#SVGID_4_);}\t.st4{fill:#6B70BF;}\t.st5{fill:url(#SVGID_5_);}\t.st6{fill:url(#SVGID_6_);}\t.st7{fill:url(#SVGID_7_);}\t.st8{fill:url(#SVGID_8_);}\t.st9{fill:url(#SVGID_9_);}\t.st10{fill:#7072D1;}<\/style><g>\t<linearGradient id=\"SVGID_1_\" gradientUnits=\"userSpaceOnUse\" x1=\"66.5837\" y1=\"23.8173\" x2=\"27.7537\" y2=\"23.8173\">\t\t<stop offset=\"0\" style=\"stop-color:#696EFF\"><\/stop>\t\t<stop offset=\"0.2572\" style=\"stop-color:#6A6EFC\"><\/stop>\t\t<stop offset=\"0.4812\" style=\"stop-color:#6B6FF1\"><\/stop>\t\t<stop offset=\"0.6928\" style=\"stop-color:#6E71DF\"><\/stop>\t\t<stop offset=\"0.8956\" style=\"stop-color:#7273C6\"><\/stop>\t\t<stop offset=\"1\" style=\"stop-color:#7475B6\"><\/stop>\t<\/linearGradient>\t<path class=\"st0\" d=\"M63.1,0.3c-1.3,0-2.4,1.1-2.4,2.4v15.8c0,1.6-1.1,2.9-2.4,2.9c-1.2,0-2.3-1.1-2.4-2.6v-8.3  c0-1.3-1.1-2.4-2.4-2.4c-1.3,0-2.4,1.1-2.4,2.4v17.1c0,1.6-1.1,2.9-2.4,2.9c-1.3,0-2.3-1.2-2.4-2.6v-8.9c0-1.3-1.1-2.4-2.4-2.4h0  c-1.3,0-2.4,1.1-2.4,2.4v26c0,1.3,1.1,2.4,2.4,2.4h0c1.3,0,2.4-1.1,2.4-2.4v-7.5c0.1-1.5,1.2-2.6,2.4-2.6c1.3,0,2.4,1.3,2.4,3v2  c0,1.3,1.1,2.4,2.4,2.4c1.3,0,2.4-1.1,2.4-2.4V28.3c0.2-1.5,1.2-2.6,2.4-2.6c1.3,0,2.4,1.3,2.4,3v16.3c0,1.3,1.1,2.4,2.4,2.4  c1.3,0,2.4-1.1,2.4-2.4V2.7C65.5,1.4,64.4,0.3,63.1,0.3z\"><\/path>\t<linearGradient id=\"SVGID_2_\" gradientUnits=\"userSpaceOnUse\" x1=\"60.0119\" y1=\"41.1158\" x2=\"22.4013\" y2=\"41.1158\">\t\t<stop offset=\"0\" style=\"stop-color:#696EFF\"><\/stop>\t\t<stop offset=\"0.2572\" style=\"stop-color:#6A6EFC\"><\/stop>\t\t<stop offset=\"0.4812\" style=\"stop-color:#6B6FF1\"><\/stop>\t\t<stop offset=\"0.6928\" style=\"stop-color:#6E71DF\"><\/stop>\t\t<stop offset=\"0.8956\" style=\"stop-color:#7273C6\"><\/stop>\t\t<stop offset=\"1\" style=\"stop-color:#7475B6\"><\/stop>\t<\/linearGradient>\t<path class=\"st1\" d=\"M34,34.9c-1.3,0-2.4,1.1-2.4,2.4v7.6c0,1.3,1.1,2.4,2.4,2.4c1.3,0,2.4-1.1,2.4-2.4v-7.6  C36.4,36,35.3,34.9,34,34.9z\"><\/path>\t<linearGradient id=\"SVGID_3_\" gradientUnits=\"userSpaceOnUse\" x1=\"66.4602\" y1=\"28.4221\" x2=\"11.1252\" y2=\"28.4221\">\t\t<stop offset=\"0\" style=\"stop-color:#696EFF\"><\/stop>\t\t<stop offset=\"0.2572\" style=\"stop-color:#6A6EFC\"><\/stop>\t\t<stop offset=\"0.4812\" style=\"stop-color:#6B6FF1\"><\/stop>\t\t<stop offset=\"0.6928\" style=\"stop-color:#6E71DF\"><\/stop>\t\t<stop offset=\"0.8956\" style=\"stop-color:#7273C6\"><\/stop>\t\t<stop offset=\"1\" style=\"stop-color:#7475B6\"><\/stop>\t<\/linearGradient>\t<path class=\"st2\" d=\"M34,24.7c-1.3,0-2.4,1.1-2.4,2.4v2.6c0,1.3,1.1,2.4,2.4,2.4c1.3,0,2.4-1.1,2.4-2.4v-2.6  C36.4,25.8,35.3,24.7,34,24.7z\"><\/path>\t<linearGradient id=\"SVGID_4_\" gradientUnits=\"userSpaceOnUse\" x1=\"54.2473\" y1=\"41.1158\" x2=\"16.6365\" y2=\"41.1158\">\t\t<stop offset=\"0\" style=\"stop-color:#696EFF\"><\/stop>\t\t<stop offset=\"0.2572\" style=\"stop-color:#6A6EFC\"><\/stop>\t\t<stop offset=\"0.4812\" style=\"stop-color:#6B6FF1\"><\/stop>\t\t<stop offset=\"0.6928\" style=\"stop-color:#6E71DF\"><\/stop>\t\t<stop offset=\"0.8956\" style=\"stop-color:#7273C6\"><\/stop>\t\t<stop offset=\"1\" style=\"stop-color:#7475B6\"><\/stop>\t<\/linearGradient>\t<path class=\"st3\" d=\"M24.3,34.9L24.3,34.9c-1.3,0-2.4,1.1-2.4,2.4v7.6c0,1.3,1.1,2.4,2.4,2.4h0c1.3,0,2.4-1.1,2.4-2.4v-7.6  C26.7,36,25.6,34.9,24.3,34.9z\"><\/path>\t<circle class=\"st4\" cx=\"14.6\" cy=\"44.9\" r=\"2.4\"><\/circle><\/g><g>\t<path class=\"st4\" d=\"M2.8,58.2v1.6H0.6v-6.6h3.5c1.2,0,2.1,0.2,2.7,0.6c0.5,0.4,0.8,1.1,0.8,1.9c0,0.8-0.3,1.4-0.8,1.8  c-0.6,0.4-1.4,0.6-2.6,0.6H2.8z M2.8,55v1.5h1.4c0.5,0,0.8-0.1,1-0.2c0.2-0.1,0.3-0.3,0.3-0.6c0-0.3-0.1-0.5-0.3-0.6  c-0.2-0.1-0.5-0.1-1-0.1H2.8z\"><\/path>\t<path class=\"st4\" d=\"M12.7,58.7H9.8l-0.5,1.1H7l3-6.6h2.5l3,6.6h-2.3L12.7,58.7z M11.3,55.2l-0.8,1.9h1.6L11.3,55.2z\"><\/path>\t<path class=\"st4\" d=\"M19.3,57L18.1,58v1.8h-2.2v-6.6h2.2v2.6l2.7-2.6h2.8L21,55.8l2.7,4h-2.6L19.3,57z\"><\/path>\t<path class=\"st4\" d=\"M29.8,58.7h-2.9l-0.5,1.1h-2.3l3-6.6h2.5l3,6.6h-2.3L29.8,58.7z M28.3,55.2l-0.8,1.9h1.6L28.3,55.2z\"><\/path>\t<path class=\"st4\" d=\"M35.2,57.9v1.9H33v-6.6h3.7c0.4,0,0.8,0,1.1,0.1c0.3,0,0.6,0.1,0.9,0.2c0.5,0.2,0.9,0.4,1.1,0.7  c0.2,0.3,0.3,0.7,0.3,1.2c0,0.4-0.1,0.8-0.3,1.1c-0.2,0.3-0.5,0.5-1,0.6c0.5,0.1,0.8,0.3,1,0.6c0.2,0.3,0.3,0.7,0.3,1.2v0.4  c0,0.1,0,0.2,0.1,0.3c0,0.1,0.1,0.2,0.2,0.2h-2.3c-0.1,0-0.1-0.1-0.2-0.2c0-0.1,0-0.2,0-0.2v-0.5c0-0.4-0.1-0.6-0.2-0.7  c-0.2-0.1-0.5-0.2-0.9-0.2H35.2z M35.2,55v1.3h1.5c0.3,0,0.6,0,0.8-0.1s0.3-0.3,0.3-0.5v-0.1c0-0.2-0.1-0.4-0.3-0.5  C37.3,55,37,55,36.7,55H35.2z\"><\/path>\t<linearGradient id=\"SVGID_5_\" gradientUnits=\"userSpaceOnUse\" x1=\"40.5554\" y1=\"56.5166\" x2=\"47.1629\" y2=\"56.5166\">\t\t<stop offset=\"0\" style=\"stop-color:#7475B6\"><\/stop>\t\t<stop offset=\"3.488559e-02\" style=\"stop-color:#7475B9\"><\/stop>\t\t<stop offset=\"0.6816\" style=\"stop-color:#6C70EB\"><\/stop>\t\t<stop offset=\"1\" style=\"stop-color:#696EFF\"><\/stop>\t<\/linearGradient>\t<path class=\"st5\" d=\"M45,55.1v4.7h-2.3v-4.7h-2.1v-1.9h6.6v1.9H45z\"><\/path>\t<linearGradient id=\"SVGID_6_\" gradientUnits=\"userSpaceOnUse\" x1=\"47.4851\" y1=\"56.5258\" x2=\"55.4362\" y2=\"56.5258\">\t\t<stop offset=\"0\" style=\"stop-color:#7475B6\"><\/stop>\t\t<stop offset=\"2.403563e-02\" style=\"stop-color:#7475B8\"><\/stop>\t\t<stop offset=\"0.4484\" style=\"stop-color:#6E71DF\"><\/stop>\t\t<stop offset=\"0.7886\" style=\"stop-color:#6A6FF6\"><\/stop>\t\t<stop offset=\"1\" style=\"stop-color:#696EFF\"><\/stop>\t<\/linearGradient>\t<path class=\"st6\" d=\"M50.3,59.9c-0.4-0.1-0.7-0.2-1-0.3c-0.6-0.2-1.1-0.6-1.4-1.1s-0.5-1.2-0.5-1.9v0c0-0.4,0-0.7,0.1-1  c0.1-0.3,0.2-0.6,0.4-0.9c0.3-0.5,0.8-0.9,1.4-1.2c0.6-0.3,1.3-0.4,2.1-0.4c0.4,0,0.8,0,1.1,0.1c0.3,0.1,0.7,0.2,1,0.3  c0.6,0.3,1.1,0.7,1.4,1.2c0.3,0.5,0.5,1.1,0.5,1.9v0c0,0.4,0,0.7-0.1,1.1c-0.1,0.3-0.2,0.6-0.4,0.9c-0.3,0.5-0.8,0.9-1.4,1.1  C53,59.9,52.3,60,51.5,60C51.1,60,50.7,60,50.3,59.9z M52.7,57.7c0.3-0.2,0.5-0.6,0.5-1.1c0-0.5-0.2-0.9-0.5-1.2  C52.4,55.1,52,55,51.5,55c-0.5,0-0.9,0.1-1.2,0.4c-0.3,0.3-0.5,0.6-0.5,1.2v0c0,0.5,0.1,0.9,0.4,1.1c0.3,0.2,0.7,0.4,1.2,0.4  S52.4,57.9,52.7,57.7z\"><\/path>\t<linearGradient id=\"SVGID_7_\" gradientUnits=\"userSpaceOnUse\" x1=\"55.7674\" y1=\"56.5166\" x2=\"62.3753\" y2=\"56.5166\">\t\t<stop offset=\"0\" style=\"stop-color:#6B70BF\"><\/stop>\t\t<stop offset=\"0.2102\" style=\"stop-color:#6A6FD5\"><\/stop>\t\t<stop offset=\"0.498\" style=\"stop-color:#6A6FEC\"><\/stop>\t\t<stop offset=\"0.7679\" style=\"stop-color:#696EFA\"><\/stop>\t\t<stop offset=\"1\" style=\"stop-color:#696EFF\"><\/stop>\t<\/linearGradient>\t<path class=\"st7\" d=\"M60.2,55.1v4.7h-2.3v-4.7h-2.1v-1.9h6.6v1.9H60.2z\"><\/path>\t<linearGradient id=\"SVGID_8_\" gradientUnits=\"userSpaceOnUse\" x1=\"62.2095\" y1=\"58.7897\" x2=\"64.8231\" y2=\"58.7897\">\t\t<stop offset=\"0\" style=\"stop-color:#696EFF\"><\/stop>\t\t<stop offset=\"0.1297\" style=\"stop-color:#696EFF\"><\/stop>\t\t<stop offset=\"1\" style=\"stop-color:#696EFF\"><\/stop>\t<\/linearGradient>\t<path class=\"st8\" d=\"M63.1,59.9c-0.1,0-0.2,0-0.3-0.1c-0.2-0.1-0.3-0.2-0.4-0.3c-0.1-0.2-0.1-0.4-0.1-0.7c0-0.5,0.1-0.8,0.3-0.9  c0.2-0.2,0.5-0.2,1-0.2c0.5,0,0.8,0.1,1,0.2c0.2,0.2,0.3,0.5,0.3,0.9c0,0.4-0.1,0.8-0.3,0.9c-0.2,0.2-0.5,0.2-1,0.2  C63.4,60,63.2,59.9,63.1,59.9z\"><\/path>\t<linearGradient id=\"SVGID_9_\" gradientUnits=\"userSpaceOnUse\" x1=\"65.9089\" y1=\"56.5166\" x2=\"71.9185\" y2=\"56.5166\">\t\t<stop offset=\"0.2151\" style=\"stop-color:#696EFF\"><\/stop>\t\t<stop offset=\"0.491\" style=\"stop-color:#6E71E0\"><\/stop>\t\t<stop offset=\"0.8169\" style=\"stop-color:#7274C2\"><\/stop>\t\t<stop offset=\"1\" style=\"stop-color:#7475B6\"><\/stop>\t<\/linearGradient>\t<path class=\"st9\" d=\"M65.9,59.8v-6.6h2.3v4.5h3.7v2.1H65.9z\"><\/path>\t<path class=\"st10\" d=\"M75.2,55.1v4.7h-2.3v-4.7h-2.1v-1.9h6.6v1.9H75.2z\"><\/path><\/g><\/svg>\t\t\t\t\t\t<\/span>\n\t\t\t\t\t\t\t\t\t\t<span class=\"elementor-icon-list-text\">Pakartok.lt<\/span>\n\t\t\t\t\t\t\t\t\t\t\t<\/a>\n\t\t\t\t\t\t\t\t\t<\/li>\n\t\t\t\t\t\t\t\t<li class=\"elementor-icon-list-item\">\n\t\t\t\t\t\t\t\t\t\t\t<a href=\"https:\/\/www.mic.lt\/lt\/baze\/klasikine-siuolaikine\/kompozitoriai\/miliunaite\/\">\n\n\t\t\t\t\t\t\t\t\t\t\t\t<span class=\"elementor-icon-list-icon\">\n\t\t\t\t\t\t\t<i aria-hidden=\"true\" class=\"fas fa-info\"><\/i>\t\t\t\t\t\t<\/span>\n\t\t\t\t\t\t\t\t\t\t<span class=\"elementor-icon-list-text\">Lietuvos Muzikos Informacijos Centras<\/span>\n\t\t\t\t\t\t\t\t\t\t\t<\/a>\n\t\t\t\t\t\t\t\t\t<\/li>\n\t\t\t\t\t\t<\/ul>\n\t\t\t\t\t\t<\/div>\n\t\t\t\t<\/div>\n\t\t\t\t\t<\/div>\n\t\t\t\t<\/div>\n\t\t\t\t<\/div>\n\t\t","protected":false},"excerpt":{"rendered":"<p>Email silvija.miliunaite@gmail.com Siusti \u017einut\u0119Please enable JavaScript in your browser to complete this form.Email *Tema *Comment or Message * Siusti \u017einut\u0119 Spotify Youtube Facebook Instagram Deezer Apple Music Pakartok.lt Lietuvos Muzikos Informacijos Centras<\/p>","protected":false},"author":1,"featured_media":0,"parent":0,"menu_order":0,"comment_status":"closed","ping_status":"closed","template":"","meta":{"footnotes":""},"class_list":["post-1621","page","type-page","status-publish","hentry"],"blocksy_meta":[],"_links":{"self":[{"href":"https:\/\/silvijamiliunaite.com\/en\/wp-json\/wp\/v2\/pages\/1621","targetHints":{"allow":["GET"]}}],"collection":[{"href":"https:\/\/silvijamiliunaite.com\/en\/wp-json\/wp\/v2\/pages"}],"about":[{"href":"https:\/\/silvijamiliunaite.com\/en\/wp-json\/wp\/v2\/types\/page"}],"author":[{"embeddable":true,"href":"https:\/\/silvijamiliunaite.com\/en\/wp-json\/wp\/v2\/users\/1"}],"replies":[{"embeddable":true,"href":"https:\/\/silvijamiliunaite.com\/en\/wp-json\/wp\/v2\/comments?post=1621"}],"version-history":[{"count":67,"href":"https:\/\/silvijamiliunaite.com\/en\/wp-json\/wp\/v2\/pages\/1621\/revisions"}],"predecessor-version":[{"id":3094,"href":"https:\/\/silvijamiliunaite.com\/en\/wp-json\/wp\/v2\/pages\/1621\/revisions\/3094"}],"wp:attachment":[{"href":"https:\/\/silvijamiliunaite.com\/en\/wp-json\/wp\/v2\/media?parent=1621"}],"curies":[{"name":"wp","href":"https:\/\/api.w.org\/{rel}","templated":true}]}}