{"id":2632,"date":"2025-10-10T15:03:37","date_gmt":"2025-10-10T13:03:37","guid":{"rendered":"https:\/\/silvijamiliunaite.com\/?page_id=2632"},"modified":"2026-04-17T11:49:38","modified_gmt":"2026-04-17T09:49:38","slug":"klausyti-ir-ziureti","status":"publish","type":"page","link":"https:\/\/silvijamiliunaite.com\/en\/klausyti-ir-ziureti\/","title":{"rendered":"Listen and Watch"},"content":{"rendered":"<div data-elementor-type=\"wp-page\" data-elementor-id=\"2632\" class=\"elementor elementor-2632\">\n\t\t\t\t<div class=\"elementor-element elementor-element-1af0e50 e-flex e-con-boxed e-con e-parent\" data-id=\"1af0e50\" data-element_type=\"container\" data-e-type=\"container\" data-settings=\"{&quot;background_background&quot;:&quot;gradient&quot;}\">\n\t\t\t\t\t<div class=\"e-con-inner\">\n\t\t\t\t<div class=\"elementor-element elementor-element-f6e3bf2 elementor-widget elementor-widget-video\" data-id=\"f6e3bf2\" data-element_type=\"widget\" data-e-type=\"widget\" data-settings=\"{&quot;video_type&quot;:&quot;vimeo&quot;}\" data-widget_type=\"video.default\">\n\t\t\t\t<div class=\"elementor-widget-container\">\n\t\t\t\t\t\t\t<div class=\"elementor-wrapper elementor-open-inline\">\n\t\t\t<iframe class=\"elementor-video-iframe lazyload\" allowfullscreen allow=\"clipboard-write\" title=\"vimeo Video Player\" data-src=\"https:\/\/player.vimeo.com\/video\/654554003?color&amp;autopause=0&amp;loop=0&amp;muted=0&amp;title=1&amp;portrait=1&amp;byline=1&amp;h=b6ebbff93a#t=\" data-no-translation-title=\"\" src=\"data:image\/svg+xml;base64,PHN2ZyB3aWR0aD0iMSIgaGVpZ2h0PSIxIiB4bWxucz0iaHR0cDovL3d3dy53My5vcmcvMjAwMC9zdmciPjwvc3ZnPg==\" data-load-mode=\"1\"><\/iframe>\t\t<\/div>\n\t\t\t\t\t\t<\/div>\n\t\t\t\t<\/div>\n\t\t\t\t<div class=\"elementor-element elementor-element-d7a725b elementor-widget__width-initial elementor-widget elementor-widget-text-editor\" data-id=\"d7a725b\" data-element_type=\"widget\" data-e-type=\"widget\" data-widget_type=\"text-editor.default\">\n\t\t\t\t<div class=\"elementor-widget-container\">\n\t\t\t\t\t\t\t\t\t<h5 class=\"style-scope ytd-watch-metadata\">Anapus sien\u0173 | \u0161okio-judesio filmas<\/h5><p>K\u016bnas talpina \u017emogaus gyvenimo istorij\u0105: odoje i\u0161rai\u017eyti patir\u010di\u0173 \u017eem\u0117lapiai, judesiuose \u2013 pasaul\u0117jautos \u017eenklai.<\/p>\t\t\t\t\t\t\t\t<\/div>\n\t\t\t\t<\/div>\n\t\t\t\t\t<\/div>\n\t\t\t\t<\/div>\n\t\t<div class=\"elementor-element elementor-element-cfe0ac1 e-flex e-con-boxed e-con e-parent\" data-id=\"cfe0ac1\" data-element_type=\"container\" data-e-type=\"container\" data-settings=\"{&quot;background_background&quot;:&quot;gradient&quot;}\">\n\t\t\t\t\t<div class=\"e-con-inner\">\n\t\t\t\t<div class=\"elementor-element elementor-element-2fd42d3 elementor-widget elementor-widget-video\" data-id=\"2fd42d3\" data-element_type=\"widget\" data-e-type=\"widget\" data-settings=\"{&quot;youtube_url&quot;:&quot;https:\\\/\\\/www.youtube.com\\\/watch?v=hl2Ux99HWh4&quot;,&quot;video_type&quot;:&quot;youtube&quot;,&quot;controls&quot;:&quot;yes&quot;}\" data-widget_type=\"video.default\">\n\t\t\t\t<div class=\"elementor-widget-container\">\n\t\t\t\t\t\t\t<div class=\"elementor-wrapper elementor-open-inline\">\n\t\t\t<div class=\"elementor-video\"><\/div>\t\t<\/div>\n\t\t\t\t\t\t<\/div>\n\t\t\t\t<\/div>\n\t\t\t\t<div class=\"elementor-element elementor-element-0735c37 elementor-widget__width-initial elementor-widget elementor-widget-text-editor\" data-id=\"0735c37\" data-element_type=\"widget\" data-e-type=\"widget\" data-widget_type=\"text-editor.default\">\n\t\t\t\t<div class=\"elementor-widget-container\">\n\t\t\t\t\t\t\t\t\t<p class=\"style-scope ytd-watch-metadata\"><strong>FIRE GAMES FOR TWO<\/strong><\/p><p class=\"style-scope ytd-watch-metadata\">Excerpts from \u201cFire Games for Two\u201d \u2014 Double Percussion Concerto by Silvija Mili\u016bnait\u0117 (2025, World Premiere)<br \/>Performed by the Lithuanian Chamber Orchestra Artistic Director &amp; Conductor: Sergej Krylov <br \/>Soloists: Pavel Giunter (LT), Guntars Freibergs (LV) \u2014 percussion <br \/>Conductor: Elias Brown (USA)<br \/>Contemporary Music Festival GAIDA 2025 <br \/>October 22, 2025 \u2014 Lithuanian National Philharmonic, Vilnius Filmed by: Jonas \u0160opa<\/p>\t\t\t\t\t\t\t\t<\/div>\n\t\t\t\t<\/div>\n\t\t\t\t\t<\/div>\n\t\t\t\t<\/div>\n\t\t<div class=\"elementor-element elementor-element-8924bb6 e-flex e-con-boxed e-con e-parent\" data-id=\"8924bb6\" data-element_type=\"container\" data-e-type=\"container\" data-settings=\"{&quot;background_background&quot;:&quot;gradient&quot;}\">\n\t\t\t\t\t<div class=\"e-con-inner\">\n\t\t\t\t<div class=\"elementor-element elementor-element-13a12d9 elementor-widget elementor-widget-image\" data-id=\"13a12d9\" data-element_type=\"widget\" data-e-type=\"widget\" data-widget_type=\"image.default\">\n\t\t\t\t<div class=\"elementor-widget-container\">\n\t\t\t\t\t\t\t\t\t\t\t\t\t\t\t\t<a href=\"https:\/\/www.lrt.lt\/mediateka\/video\/orkestro-kremerata-baltica-koncertas-skirtas-cernobilio-katastrofos-35-osioms-metinems\">\n\t\t\t\t\t\t\t<img decoding=\"async\" width=\"300\" height=\"158\" data-src=\"https:\/\/silvijamiliunaite.com\/wp-content\/uploads\/2025\/10\/LTR-300x158.png\" class=\"attachment-medium size-medium wp-image-2648 lazyload\" alt=\"\" data-srcset=\"https:\/\/silvijamiliunaite.com\/wp-content\/uploads\/2025\/10\/LTR-300x158.png 300w, https:\/\/silvijamiliunaite.com\/wp-content\/uploads\/2025\/10\/LTR-18x9.png 18w, https:\/\/silvijamiliunaite.com\/wp-content\/uploads\/2025\/10\/LTR.png 310w\" data-sizes=\"(max-width: 300px) 100vw, 300px\" src=\"data:image\/svg+xml;base64,PHN2ZyB3aWR0aD0iMSIgaGVpZ2h0PSIxIiB4bWxucz0iaHR0cDovL3d3dy53My5vcmcvMjAwMC9zdmciPjwvc3ZnPg==\" style=\"--smush-placeholder-width: 300px; --smush-placeholder-aspect-ratio: 300\/158;\" \/>\t\t\t\t\t\t\t\t<\/a>\n\t\t\t\t\t\t\t\t\t\t\t\t\t\t\t<\/div>\n\t\t\t\t<\/div>\n\t\t\t\t<div class=\"elementor-element elementor-element-ed9446e elementor-widget__width-initial elementor-widget elementor-widget-text-editor\" data-id=\"ed9446e\" data-element_type=\"widget\" data-e-type=\"widget\" data-widget_type=\"text-editor.default\">\n\t\t\t\t<div class=\"elementor-widget-container\">\n\t\t\t\t\t\t\t\t\t<p><a href=\"https:\/\/www.youtube.com\/watch?v=3yRNGug_FFU\"><strong>TU \u2013 LIETUVA<\/strong><\/a><\/p><p><a href=\"https:\/\/www.youtube.com\/watch?v=3yRNGug_FFU\">Composer: Silvija Mili\u016bnait\u0117<\/a><\/p><p><a href=\"https:\/\/www.youtube.com\/watch?v=3yRNGug_FFU\">The ensemble \"Lietuva\" invited young artists to view and interpret the ensemble's repertoire in their own way. The performance \u201eSi\u016bbuojanti \u017eem\u0117\u201d invited audiences to experience a true creative experiment\u2014a synthesis of musical styles, eras, and the internal contradictions and experiences characteristic of those times.<\/a><\/p>\t\t\t\t\t\t\t\t<\/div>\n\t\t\t\t<\/div>\n\t\t\t\t\t<\/div>\n\t\t\t\t<\/div>\n\t\t<div class=\"elementor-element elementor-element-e4b393d e-flex e-con-boxed e-con e-parent\" data-id=\"e4b393d\" data-element_type=\"container\" data-e-type=\"container\" data-settings=\"{&quot;background_background&quot;:&quot;gradient&quot;}\">\n\t\t\t\t\t<div class=\"e-con-inner\">\n\t\t\t\t<div class=\"elementor-element elementor-element-414aa12 elementor-widget elementor-widget-image\" data-id=\"414aa12\" data-element_type=\"widget\" data-e-type=\"widget\" data-widget_type=\"image.default\">\n\t\t\t\t<div class=\"elementor-widget-container\">\n\t\t\t\t\t\t\t\t\t\t\t\t\t\t\t\t<a href=\"https:\/\/www.lrt.lt\/radioteka\/irasas\/2000152594\/garso-ekspedicija-cernobylio-tragedijos-atgarsis-silvijos-miliunaites-bliudziuvienes-ir-orkestro-kremerata-baltica-programoje?srsltid=AfmBOop94-GLjRnpdbn_V4PBCBBUD6a-_Uq3GVf8siCBTX_UhX9g_R1a\">\n\t\t\t\t\t\t\t<img decoding=\"async\" width=\"300\" height=\"158\" data-src=\"https:\/\/silvijamiliunaite.com\/wp-content\/uploads\/2025\/10\/LTR-300x158.png\" class=\"attachment-medium size-medium wp-image-2648 lazyload\" alt=\"\" data-srcset=\"https:\/\/silvijamiliunaite.com\/wp-content\/uploads\/2025\/10\/LTR-300x158.png 300w, https:\/\/silvijamiliunaite.com\/wp-content\/uploads\/2025\/10\/LTR-18x9.png 18w, https:\/\/silvijamiliunaite.com\/wp-content\/uploads\/2025\/10\/LTR.png 310w\" data-sizes=\"(max-width: 300px) 100vw, 300px\" src=\"data:image\/svg+xml;base64,PHN2ZyB3aWR0aD0iMSIgaGVpZ2h0PSIxIiB4bWxucz0iaHR0cDovL3d3dy53My5vcmcvMjAwMC9zdmciPjwvc3ZnPg==\" style=\"--smush-placeholder-width: 300px; --smush-placeholder-aspect-ratio: 300\/158;\" \/>\t\t\t\t\t\t\t\t<\/a>\n\t\t\t\t\t\t\t\t\t\t\t\t\t\t\t<\/div>\n\t\t\t\t<\/div>\n\t\t\t\t<div class=\"elementor-element elementor-element-cb613f6 elementor-widget__width-initial elementor-widget elementor-widget-text-editor\" data-id=\"cb613f6\" data-element_type=\"widget\" data-e-type=\"widget\" data-widget_type=\"text-editor.default\">\n\t\t\t\t<div class=\"elementor-widget-container\">\n\t\t\t\t\t\t\t\t\t<p><a href=\"https:\/\/www.youtube.com\/watch?v=3yRNGug_FFU\"><strong>TU \u2013 LIETUVA<\/strong><\/a><\/p><p><a href=\"https:\/\/www.youtube.com\/watch?v=3yRNGug_FFU\">Composer: Silvija Mili\u016bnait\u0117<\/a><\/p><p><a href=\"https:\/\/www.youtube.com\/watch?v=3yRNGug_FFU\">The ensemble \"Lietuva\" invited young artists to view and interpret the ensemble's repertoire in their own way. The performance \u201eSi\u016bbuojanti \u017eem\u0117\u201d invited audiences to experience a true creative experiment\u2014a synthesis of musical styles, eras, and the internal contradictions and experiences characteristic of those times.<\/a><\/p>\t\t\t\t\t\t\t\t<\/div>\n\t\t\t\t<\/div>\n\t\t\t\t\t<\/div>\n\t\t\t\t<\/div>\n\t\t<div class=\"elementor-element elementor-element-acb1aba e-flex e-con-boxed e-con e-parent\" data-id=\"acb1aba\" data-element_type=\"container\" data-e-type=\"container\" data-settings=\"{&quot;background_background&quot;:&quot;gradient&quot;}\">\n\t\t\t\t\t<div class=\"e-con-inner\">\n\t\t\t\t<div class=\"elementor-element elementor-element-af3fd5e elementor-widget elementor-widget-image\" data-id=\"af3fd5e\" data-element_type=\"widget\" data-e-type=\"widget\" data-widget_type=\"image.default\">\n\t\t\t\t<div class=\"elementor-widget-container\">\n\t\t\t\t\t\t\t\t\t\t\t\t\t\t\t\t<a href=\"https:\/\/www.lrt.lt\/mediateka\/irasas\/2000272663\/festivalis-gaida-2022-selinancio-tigro-koncertas?time_start=962\">\n\t\t\t\t\t\t\t<img decoding=\"async\" width=\"300\" height=\"158\" data-src=\"https:\/\/silvijamiliunaite.com\/wp-content\/uploads\/2025\/10\/LTR-300x158.png\" class=\"attachment-medium size-medium wp-image-2648 lazyload\" alt=\"\" data-srcset=\"https:\/\/silvijamiliunaite.com\/wp-content\/uploads\/2025\/10\/LTR-300x158.png 300w, https:\/\/silvijamiliunaite.com\/wp-content\/uploads\/2025\/10\/LTR-18x9.png 18w, https:\/\/silvijamiliunaite.com\/wp-content\/uploads\/2025\/10\/LTR.png 310w\" data-sizes=\"(max-width: 300px) 100vw, 300px\" src=\"data:image\/svg+xml;base64,PHN2ZyB3aWR0aD0iMSIgaGVpZ2h0PSIxIiB4bWxucz0iaHR0cDovL3d3dy53My5vcmcvMjAwMC9zdmciPjwvc3ZnPg==\" style=\"--smush-placeholder-width: 300px; --smush-placeholder-aspect-ratio: 300\/158;\" \/>\t\t\t\t\t\t\t\t<\/a>\n\t\t\t\t\t\t\t\t\t\t\t\t\t\t\t<\/div>\n\t\t\t\t<\/div>\n\t\t\t\t<div class=\"elementor-element elementor-element-5a7b052 elementor-widget__width-initial elementor-widget elementor-widget-text-editor\" data-id=\"5a7b052\" data-element_type=\"widget\" data-e-type=\"widget\" data-widget_type=\"text-editor.default\">\n\t\t\t\t<div class=\"elementor-widget-container\">\n\t\t\t\t\t\t\t\t\t<p class=\"chakra-heading css-42e6rz\"><a href=\"https:\/\/www.lrt.lt\/mediateka\/irasas\/2000272663\/festivalis-gaida-2022-selinancio-tigro-koncertas?time_start=962\"><strong>Festival \u201eGaida 2022\u201c. Crouching Tiger Concert<\/strong><\/a><\/p><div class=\"inner-html-as-text css-2vroz1\"><p><a href=\"https:\/\/www.lrt.lt\/mediateka\/irasas\/2000272663\/festivalis-gaida-2022-selinancio-tigro-koncertas?time_start=962\">Festival \"Gaida 2022.\" Featuring Gavriel Lipkind (cello, Israel), Gleb Py\u0161niak (cello), and the Lithuanian Chamber Orchestra. Conductor: Martynas Stakionis.<\/a><\/p><\/div>\t\t\t\t\t\t\t\t<\/div>\n\t\t\t\t<\/div>\n\t\t\t\t\t<\/div>\n\t\t\t\t<\/div>\n\t\t<div class=\"elementor-element elementor-element-6f21dec e-flex e-con-boxed e-con e-parent\" data-id=\"6f21dec\" data-element_type=\"container\" data-e-type=\"container\" data-settings=\"{&quot;background_background&quot;:&quot;gradient&quot;}\">\n\t\t\t\t\t<div class=\"e-con-inner\">\n\t\t\t\t<div class=\"elementor-element elementor-element-27b72c3 elementor-widget elementor-widget-video\" data-id=\"27b72c3\" data-element_type=\"widget\" data-e-type=\"widget\" data-settings=\"{&quot;youtube_url&quot;:&quot;https:\\\/\\\/www.youtube.com\\\/watch?v=CApXNz5Iy34&quot;,&quot;video_type&quot;:&quot;youtube&quot;,&quot;controls&quot;:&quot;yes&quot;}\" data-widget_type=\"video.default\">\n\t\t\t\t<div class=\"elementor-widget-container\">\n\t\t\t\t\t\t\t<div class=\"elementor-wrapper elementor-open-inline\">\n\t\t\t<div class=\"elementor-video\"><\/div>\t\t<\/div>\n\t\t\t\t\t\t<\/div>\n\t\t\t\t<\/div>\n\t\t\t\t<div class=\"elementor-element elementor-element-2f98aec elementor-widget__width-initial elementor-widget elementor-widget-text-editor\" data-id=\"2f98aec\" data-element_type=\"widget\" data-e-type=\"widget\" data-widget_type=\"text-editor.default\">\n\t\t\t\t<div class=\"elementor-widget-container\">\n\t\t\t\t\t\t\t\t\t<p><strong><a href=\"https:\/\/www.youtube.com\/watch?v=CApXNz5Iy34\">New Baltic Sound Quartet \u2013 The first rehearsal of a new piece \u201eBaltic Games\u201c by Lithuanian composer Silvija Mili\u016bnait\u0117 <\/a><\/strong><\/p><p><a href=\"https:\/\/www.youtube.com\/watch?v=CApXNz5Iy34\">Dalia Dedinskaite, violin Gleb Py\u0161niak, cello Guntars Freibergs, marimba \/ percussion Pavel Giunter, vibraphone \/ percussion<\/a><\/p>\t\t\t\t\t\t\t\t<\/div>\n\t\t\t\t<\/div>\n\t\t\t\t\t<\/div>\n\t\t\t\t<\/div>\n\t\t<div class=\"elementor-element elementor-element-4af1d2f e-flex e-con-boxed e-con e-parent\" data-id=\"4af1d2f\" data-element_type=\"container\" data-e-type=\"container\" data-settings=\"{&quot;background_background&quot;:&quot;gradient&quot;}\">\n\t\t\t\t\t<div class=\"e-con-inner\">\n\t\t\t\t<div class=\"elementor-element elementor-element-af5a2c8 elementor-widget elementor-widget-video\" data-id=\"af5a2c8\" data-element_type=\"widget\" data-e-type=\"widget\" data-settings=\"{&quot;youtube_url&quot;:&quot;https:\\\/\\\/www.youtube.com\\\/watch?v=3yRNGug_FFU&quot;,&quot;video_type&quot;:&quot;youtube&quot;,&quot;controls&quot;:&quot;yes&quot;}\" data-widget_type=\"video.default\">\n\t\t\t\t<div class=\"elementor-widget-container\">\n\t\t\t\t\t\t\t<div class=\"elementor-wrapper elementor-open-inline\">\n\t\t\t<div class=\"elementor-video\"><\/div>\t\t<\/div>\n\t\t\t\t\t\t<\/div>\n\t\t\t\t<\/div>\n\t\t\t\t<div class=\"elementor-element elementor-element-3d3c663 elementor-widget__width-initial elementor-widget elementor-widget-text-editor\" data-id=\"3d3c663\" data-element_type=\"widget\" data-e-type=\"widget\" data-widget_type=\"text-editor.default\">\n\t\t\t\t<div class=\"elementor-widget-container\">\n\t\t\t\t\t\t\t\t\t<p><a href=\"https:\/\/www.youtube.com\/watch?v=3yRNGug_FFU\"><strong>PASVARCYK ANTELA <\/strong><\/a><\/p><p><a href=\"https:\/\/www.youtube.com\/watch?v=3yRNGug_FFU\">Composer: Silvija Mili\u016bnait\u0117 <\/a><\/p><p><a href=\"https:\/\/www.youtube.com\/watch?v=3yRNGug_FFU\">The ensemble \"Lietuva\" invited young artists to view and interpret the ensemble's repertoire in their own way. The performance \u201eSi\u016bbuojanti \u017eem\u0117\u201d invited audiences to experience a true creative experiment\u2014a synthesis of musical styles, eras, and the internal contradictions and experiences characteristic of those times. <\/a><\/p>\t\t\t\t\t\t\t\t<\/div>\n\t\t\t\t<\/div>\n\t\t\t\t\t<\/div>\n\t\t\t\t<\/div>\n\t\t<div class=\"elementor-element elementor-element-e60a7c5 e-flex e-con-boxed e-con e-parent\" data-id=\"e60a7c5\" data-element_type=\"container\" data-e-type=\"container\" data-settings=\"{&quot;background_background&quot;:&quot;gradient&quot;}\">\n\t\t\t\t\t<div class=\"e-con-inner\">\n\t\t\t\t<div class=\"elementor-element elementor-element-d2d5f34 elementor-widget elementor-widget-video\" data-id=\"d2d5f34\" data-element_type=\"widget\" data-e-type=\"widget\" data-settings=\"{&quot;youtube_url&quot;:&quot;https:\\\/\\\/www.youtube.com\\\/watch?v=2Pibon-4zps&quot;,&quot;video_type&quot;:&quot;youtube&quot;,&quot;controls&quot;:&quot;yes&quot;}\" data-widget_type=\"video.default\">\n\t\t\t\t<div class=\"elementor-widget-container\">\n\t\t\t\t\t\t\t<div class=\"elementor-wrapper elementor-open-inline\">\n\t\t\t<div class=\"elementor-video\"><\/div>\t\t<\/div>\n\t\t\t\t\t\t<\/div>\n\t\t\t\t<\/div>\n\t\t\t\t<div class=\"elementor-element elementor-element-4fcf36f elementor-widget__width-initial elementor-widget elementor-widget-text-editor\" data-id=\"4fcf36f\" data-element_type=\"widget\" data-e-type=\"widget\" data-widget_type=\"text-editor.default\">\n\t\t\t\t<div class=\"elementor-widget-container\">\n\t\t\t\t\t\t\t\t\t<p><a href=\"https:\/\/www.youtube.com\/watch?v=3yRNGug_FFU\"><strong>TU \u2013 LIETUVA<\/strong><\/a><\/p><p><a href=\"https:\/\/www.youtube.com\/watch?v=3yRNGug_FFU\">Composer: Silvija Mili\u016bnait\u0117<\/a><\/p><p><a href=\"https:\/\/www.youtube.com\/watch?v=3yRNGug_FFU\">The ensemble \"Lietuva\" invited young artists to view and interpret the ensemble's repertoire in their own way. The performance \u201eSi\u016bbuojanti \u017eem\u0117\u201d invited audiences to experience a true creative experiment\u2014a synthesis of musical styles, eras, and the internal contradictions and experiences characteristic of those times.<\/a><\/p>\t\t\t\t\t\t\t\t<\/div>\n\t\t\t\t<\/div>\n\t\t\t\t\t<\/div>\n\t\t\t\t<\/div>\n\t\t\t\t<\/div>","protected":false},"excerpt":{"rendered":"<p>https:\/\/vimeo.com\/654554003\/b6ebbff93a?fbclid=IwY2xjawRNfAZleHRuA2FlbQIxMQBzcnRjBmFwcF9pZBAyMjIwMzkxNzg4MjAwODkyAAEeUXLIjStt64CFDwF7XHT23QUNu2UC1EwmUBISCm4pRJpUlG41ZwHwa2cokBA_aem_vsPFgKtH3ayE9DrU3HSiqg&#038;turnstile=1.ZZzHSW_-vKX3GZT3_vIdRY1IYlIfWM3kjrVKJZcspj19Dw6efS1EU3wTGs7p6FcVYuuhyw5PgnXtWfBDTUJxGJh8NmVMAG10hUhn0j83_fHNIZcc6j1FDWGrQ-zVzVNY-reXOWNsQoVLeG6CIyu7kkSFpQYt4GEF1wi63B3nobrUsfW-ljxQ7FlP_sxUq_hsdl539KBzhQsByFLlIkopRWFjFhtbQIGCZ5GZNjgLHZkGoex42sRGV_VpVKk1mfF2ZWi4UZvV70u2G_YWaqF7WKVl5VWlu4fUeEf74EsPdTq_oRKhqIe0GzAtTkvObOjtdXgM_hsBLVd-hINBuTScMBh-W7Z_tGn63BqIXLgnkl1fU7qHKyLCh57l0rLKJzjV-i0rthdTWciaWUdVwTnGzCe0181LoaXA_WmW9DwvFQY9ecchzMdkkLlN_qFu6oWJ.MfPri7319flgJtxl7Yv0FQ.4313f01a5c59623e988185760bfcaa8baafc59046bd69cc32919cbaca95ec93f Anapus sien\u0173 | \u0161okio-judesio filmas K\u016bnas talpina \u017emogaus gyvenimo istorij\u0105: odoje i\u0161rai\u017eyti patir\u010di\u0173 \u017eem\u0117lapiai, judesiuose \u2013 pasaul\u0117jautos \u017eenklai. https:\/\/www.youtube.com\/watch?v=hl2Ux99HWh4 FIRE GAMES FOR TWO Excerpts from \u201cFire Games for Two\u201d \u2014 Double Percussion Concerto by Silvija Mili\u016bnait\u0117 (2025, World Premiere)Performed by the Lithuanian Chamber Orchestra Artistic Director &amp; Conductor: Sergej Krylov Soloists: Pavel Giunter (LT), [&hellip;]<\/p>\n","protected":false},"author":1,"featured_media":0,"parent":0,"menu_order":0,"comment_status":"closed","ping_status":"closed","template":"","meta":{"footnotes":""},"class_list":["post-2632","page","type-page","status-publish","hentry"],"blocksy_meta":[],"_links":{"self":[{"href":"https:\/\/silvijamiliunaite.com\/en\/wp-json\/wp\/v2\/pages\/2632","targetHints":{"allow":["GET"]}}],"collection":[{"href":"https:\/\/silvijamiliunaite.com\/en\/wp-json\/wp\/v2\/pages"}],"about":[{"href":"https:\/\/silvijamiliunaite.com\/en\/wp-json\/wp\/v2\/types\/page"}],"author":[{"embeddable":true,"href":"https:\/\/silvijamiliunaite.com\/en\/wp-json\/wp\/v2\/users\/1"}],"replies":[{"embeddable":true,"href":"https:\/\/silvijamiliunaite.com\/en\/wp-json\/wp\/v2\/comments?post=2632"}],"version-history":[{"count":16,"href":"https:\/\/silvijamiliunaite.com\/en\/wp-json\/wp\/v2\/pages\/2632\/revisions"}],"predecessor-version":[{"id":2950,"href":"https:\/\/silvijamiliunaite.com\/en\/wp-json\/wp\/v2\/pages\/2632\/revisions\/2950"}],"wp:attachment":[{"href":"https:\/\/silvijamiliunaite.com\/en\/wp-json\/wp\/v2\/media?parent=2632"}],"curies":[{"name":"wp","href":"https:\/\/api.w.org\/{rel}","templated":true}]}}